{"id":696,"date":"2016-12-05T21:52:12","date_gmt":"2016-12-06T02:52:12","guid":{"rendered":"http:\/\/biz177.inmotionhosting.com\/~devpat5\/dev\/product\/dna-profile-reporting\/"},"modified":"2026-03-20T11:25:18","modified_gmt":"2026-03-20T15:25:18","slug":"perfil-de-adn-en-hogar","status":"publish","type":"product","link":"https:\/\/www.paternityusa.com\/es\/product\/dna-profile-reporting\/","title":{"rendered":"Prueba de Informe de Perfil de ADN en Casa"},"content":{"rendered":"<p class=\"p1\">La Prueba de Informe de Perfil de ADN de Casa proporciona un perfil gen\u00e9tico detallado que puede conservar para su registro personal, referencia futura o fines de comparaci\u00f3n. Esta prueba analiza marcadores de ADN espec\u00edficos para generar un perfil STR (Short Tandem Repeat) estandarizado, que sirve como identificador gen\u00e9tico \u00fanico para el individuo analizado.<\/p>\n<p class=\"p1\">Las muestras se recogen de forma privada en casa utilizando hisopos bucales indoloros y son analizadas por un laboratorio acreditado en EE. UU. utilizando procedimientos validados para garantizar resultados precisos y confiables. Hay varias opciones de perfil disponibles seg\u00fan sus necesidades. El <span class=\"s1\"><b>Perfil STR est\u00e1ndar<\/b><\/span> incluye de 16 a 24 marcadores y proporciona un perfil gen\u00e9tico b\u00e1sico. El <span class=\"s1\"><b>Perfil STR Premium de 46 marcadores<\/b><\/span> analiza marcadores adicionales para obtener un nivel m\u00e1s completo de detalle gen\u00e9tico. A <span class=\"s1\"><b>Perfil Y-STR<\/b><\/span> tambi\u00e9n est\u00e1 disponible para participantes masculinos e informa marcadores gen\u00e9ticos encontrados en el cromosoma Y, que se transmiten por la l\u00ednea paterna.<\/p>\n<p class=\"p1\">Los kits de recolecci\u00f3n de ADN se env\u00edan de forma r\u00e1pida y discreta, con embalaje de devoluci\u00f3n prepagado incluido. Si los participantes se encuentran en diferentes ciudades o estados, se pueden agregar direcciones de env\u00edo adicionales durante el proceso de pedido para que cada persona reciba su propio kit de recolecci\u00f3n. Una vez que el laboratorio recibe todas las muestras, los resultados suelen estar disponibles en unos pocos d\u00edas h\u00e1biles.<\/p>\n<p class=\"p1\">Los informes de perfiles de ADN en el hogar est\u00e1n destinados \u00fanicamente a conocimiento personal y mantenimiento de registros. Si requiere un perfil de ADN para identificaci\u00f3n legal, tribunales u fines oficiales, se requerir\u00e1 un servicio de perfil de ADN documentado legalmente con cadena de custodia.<\/p>","protected":false},"excerpt":{"rendered":"<p class=\"p1\">La Prueba de Perfil de ADN Dom\u00e9stico para Reporte proporciona un perfil gen\u00e9tico detallado para registro y referencia personal. Esta prueba analiza marcadores de ADN espec\u00edficos para crear un perfil estandarizado de STR (Repeticiones Cortas en T\u00e1ndem) que puede almacenarse de forma segura para comparaciones futuras, documentaci\u00f3n personal o fines informativos.<\/p>","protected":false},"featured_media":43511,"template":"","meta":{"_acf_changed":false},"product_brand":[],"product_cat":[6],"product_tag":[],"class_list":{"0":"post-696","1":"product","2":"type-product","3":"status-publish","4":"has-post-thumbnail","6":"product_cat-non-legal-dna-testing","8":"first","9":"instock","10":"purchasable","11":"product-type-simple"},"acf":[],"jetpack_sharing_enabled":true,"_links":{"self":[{"href":"https:\/\/www.paternityusa.com\/es\/wp-json\/wp\/v2\/product\/696","targetHints":{"allow":["GET"]}}],"collection":[{"href":"https:\/\/www.paternityusa.com\/es\/wp-json\/wp\/v2\/product"}],"about":[{"href":"https:\/\/www.paternityusa.com\/es\/wp-json\/wp\/v2\/types\/product"}],"wp:featuredmedia":[{"embeddable":true,"href":"https:\/\/www.paternityusa.com\/es\/wp-json\/wp\/v2\/media\/43511"}],"wp:attachment":[{"href":"https:\/\/www.paternityusa.com\/es\/wp-json\/wp\/v2\/media?parent=696"}],"wp:term":[{"taxonomy":"product_brand","embeddable":true,"href":"https:\/\/www.paternityusa.com\/es\/wp-json\/wp\/v2\/product_brand?post=696"},{"taxonomy":"product_cat","embeddable":true,"href":"https:\/\/www.paternityusa.com\/es\/wp-json\/wp\/v2\/product_cat?post=696"},{"taxonomy":"product_tag","embeddable":true,"href":"https:\/\/www.paternityusa.com\/es\/wp-json\/wp\/v2\/product_tag?post=696"}],"curies":[{"name":"la hora de","href":"https:\/\/api.w.org\/{rel}","templated":true}]}}