{"id":53,"date":"2016-10-02T22:03:49","date_gmt":"2016-10-03T02:03:49","guid":{"rendered":"http:\/\/biz177.inmotionhosting.com\/~devpat5\/dev\/product\/infidelity-dna-test\/"},"modified":"2026-03-20T11:26:31","modified_gmt":"2026-03-20T15:26:31","slug":"prueba-forense-de-adn-para-infidelidad","status":"publish","type":"product","link":"https:\/\/www.paternityusa.com\/es\/product\/infidelity-dna-test\/","title":{"rendered":"Prueba de ADN de infidelidad"},"content":{"rendered":"<p class=\"p1\">La Prueba de ADN de Infidelidad utiliza an\u00e1lisis forense de ADN para detectar y evaluar evidencia biol\u00f3gica de ropa, ropa de cama u otros art\u00edculos personales. Este servicio est\u00e1 dise\u00f1ado para ayudar a determinar si hay ADN masculino o femenino presente y, cuando es posible, comparar ese ADN con una muestra de referencia para evaluar si pertenece a un individuo espec\u00edfico.<\/p>\n<p class=\"p1\">La evidencia que usted env\u00ede ser\u00e1 examinada cuidadosamente por profesionales gen\u00e9ticos experimentados que utilizan procedimientos de laboratorio validados. Si se recupera suficiente ADN, se desarrollar\u00e1 un perfil gen\u00e9tico y se comparar\u00e1 con el hisopo de control que usted proporcione. El informe final indicar\u00e1 si el individuo analizado puede ser incluido o excluido como la fuente del ADN.<\/p>\n<p class=\"p1\">Para su conveniencia y privacidad, puede elegir recibir un kit de recolecci\u00f3n discreto con un sobre de devoluci\u00f3n prepagado, o seleccionar la opci\u00f3n \u201cRecolectar y enviar\u201d para entregar sus propias muestras sin que se env\u00ede nada a su direcci\u00f3n. Si elige esta opci\u00f3n, recibir\u00e1 un n\u00famero de caso e instrucciones detalladas por correo electr\u00f3nico.<\/p>\n<p class=\"p1\">Este examen est\u00e1 destinado \u00fanicamente a fines de conocimiento personal e investigativo y no est\u00e1 dise\u00f1ado para uso legal. Todas las muestras se manejan de forma confidencial, y las pruebas son realizadas por un laboratorio profesional de EE. UU. que sigue estrictos est\u00e1ndares de calidad y privacidad.<\/p>","protected":false},"excerpt":{"rendered":"<p class=\"p1\">La prueba de ADN de infidelidad analiza prendas de vestir u objetos personales para detectar e identificar ADN masculino o femenino. Utilizando m\u00e9todos de laboratorio forense, cualquier ADN recuperado puede compararse con una muestra de referencia para ayudar a determinar si pertenece a un individuo espec\u00edfico.<\/p>","protected":false},"featured_media":43591,"template":"","meta":{"_acf_changed":false},"product_brand":[],"product_cat":[9],"product_tag":[],"class_list":{"0":"post-53","1":"product","2":"type-product","3":"status-publish","4":"has-post-thumbnail","6":"product_cat-forensic-dna-testing","8":"first","9":"instock","10":"purchasable","11":"product-type-simple"},"acf":[],"jetpack_sharing_enabled":true,"_links":{"self":[{"href":"https:\/\/www.paternityusa.com\/es\/wp-json\/wp\/v2\/product\/53","targetHints":{"allow":["GET"]}}],"collection":[{"href":"https:\/\/www.paternityusa.com\/es\/wp-json\/wp\/v2\/product"}],"about":[{"href":"https:\/\/www.paternityusa.com\/es\/wp-json\/wp\/v2\/types\/product"}],"wp:featuredmedia":[{"embeddable":true,"href":"https:\/\/www.paternityusa.com\/es\/wp-json\/wp\/v2\/media\/43591"}],"wp:attachment":[{"href":"https:\/\/www.paternityusa.com\/es\/wp-json\/wp\/v2\/media?parent=53"}],"wp:term":[{"taxonomy":"product_brand","embeddable":true,"href":"https:\/\/www.paternityusa.com\/es\/wp-json\/wp\/v2\/product_brand?post=53"},{"taxonomy":"product_cat","embeddable":true,"href":"https:\/\/www.paternityusa.com\/es\/wp-json\/wp\/v2\/product_cat?post=53"},{"taxonomy":"product_tag","embeddable":true,"href":"https:\/\/www.paternityusa.com\/es\/wp-json\/wp\/v2\/product_tag?post=53"}],"curies":[{"name":"la hora de","href":"https:\/\/api.w.org\/{rel}","templated":true}]}}