{"id":49,"date":"2016-10-02T22:03:49","date_gmt":"2016-10-03T02:03:49","guid":{"rendered":"http:\/\/biz177.inmotionhosting.com\/~devpat5\/dev\/product\/legal-x-sv-female-test\/"},"modified":"2026-03-20T11:31:26","modified_gmt":"2026-03-20T15:31:26","slug":"pruebas-de-adn-mitocondrial-legal","status":"publish","type":"product","link":"https:\/\/www.paternityusa.com\/es\/product\/legal-x-sv-female-test\/","title":{"rendered":"Prueba legal de ADN de linaje materno mtDNA"},"content":{"rendered":"<p class=\"p1\">La Prueba de ADN Legal de Linaje Femenino de ADN mitocondrial (ADNmt) confirma si dos individuos est\u00e1n emparentados a trav\u00e9s de una l\u00ednea materna com\u00fan. Dado que el ADN mitocondrial (ADNmt) se transmite de madre a hijo con pocos cambios a lo largo de las generaciones, esta prueba puede ser utilizada tanto por hombres como por mujeres para verificar la ascendencia materna cuando no es posible una prueba de maternidad directa.<\/p>\n<p class=\"p1\">Todas las pruebas son realizadas por un laboratorio acreditado por la AABB, que utiliza est\u00e1ndares de calidad establecidos y un proceso documentado de cadena de custodia. La identidad de los participantes se verifica al momento de la recolecci\u00f3n, y los resultados son notarizados y admisibles en tribunales, para fines de inmigraci\u00f3n y otros prop\u00f3sitos oficiales.<\/p>\n<p class=\"p1\">La toma de muestras debe ser realizada por un profesional m\u00e9dico calificado. Puede elegir que la toma de muestras se realice en el consultorio de su m\u00e9dico, o nuestro equipo puede programar una cita en una cl\u00ednica cercana dentro de nuestra red nacional de m\u00e1s de 3,500 ubicaciones. Si los participantes viven en diferentes ciudades o estados, se pueden organizar citas de toma de muestras por separado y vincularlas de forma segura bajo el mismo caso.<\/p>\n<p class=\"p1\">Una vez recibidas todas las muestras, comienza el an\u00e1lisis de laboratorio y los resultados suelen estar listos en varios d\u00edas h\u00e1biles. La entrega segura por correo electr\u00f3nico est\u00e1 disponible dentro de las 24 horas posteriores a la finalizaci\u00f3n si se selecciona, y un informe oficial impreso se env\u00eda poco despu\u00e9s.<\/p>\n<p class=\"p1\">Las pruebas legales de ADN mitocondrial brindan una soluci\u00f3n confiable para confirmar el linaje materno en situaciones como casos de inmigraci\u00f3n, asuntos de herencia, verificaci\u00f3n de tribus o linajes, y otras necesidades legales o administrativas donde se requiera prueba documentada de relaci\u00f3n materna.<\/p>","protected":false},"excerpt":{"rendered":"<p class=\"p1\">La Prueba de ADN Legal de Linaje Femenino por ADNm determina si dos individuos comparten la misma l\u00ednea materna, con resultados notariados y admisibles en corte de un laboratorio acreditado en EE. UU.<\/p>","protected":false},"featured_media":43576,"template":"","meta":{"_acf_changed":false},"product_brand":[],"product_cat":[7],"product_tag":[],"class_list":{"0":"post-49","1":"product","2":"type-product","3":"status-publish","4":"has-post-thumbnail","6":"product_cat-legal-dna-testing","8":"first","9":"instock","10":"purchasable","11":"product-type-simple"},"acf":[],"jetpack_sharing_enabled":true,"_links":{"self":[{"href":"https:\/\/www.paternityusa.com\/es\/wp-json\/wp\/v2\/product\/49","targetHints":{"allow":["GET"]}}],"collection":[{"href":"https:\/\/www.paternityusa.com\/es\/wp-json\/wp\/v2\/product"}],"about":[{"href":"https:\/\/www.paternityusa.com\/es\/wp-json\/wp\/v2\/types\/product"}],"wp:featuredmedia":[{"embeddable":true,"href":"https:\/\/www.paternityusa.com\/es\/wp-json\/wp\/v2\/media\/43576"}],"wp:attachment":[{"href":"https:\/\/www.paternityusa.com\/es\/wp-json\/wp\/v2\/media?parent=49"}],"wp:term":[{"taxonomy":"product_brand","embeddable":true,"href":"https:\/\/www.paternityusa.com\/es\/wp-json\/wp\/v2\/product_brand?post=49"},{"taxonomy":"product_cat","embeddable":true,"href":"https:\/\/www.paternityusa.com\/es\/wp-json\/wp\/v2\/product_cat?post=49"},{"taxonomy":"product_tag","embeddable":true,"href":"https:\/\/www.paternityusa.com\/es\/wp-json\/wp\/v2\/product_tag?post=49"}],"curies":[{"name":"la hora de","href":"https:\/\/api.w.org\/{rel}","templated":true}]}}