{"id":48,"date":"2016-10-02T22:03:49","date_gmt":"2016-10-03T02:03:49","guid":{"rendered":"http:\/\/biz177.inmotionhosting.com\/~devpat5\/dev\/product\/legal-y-str-male-test\/"},"modified":"2026-03-20T11:31:41","modified_gmt":"2026-03-20T15:31:41","slug":"pruebas-de-adn-del-cromosoma-y-legal","status":"publish","type":"product","link":"https:\/\/www.paternityusa.com\/es\/product\/legal-y-str-male-test\/","title":{"rendered":"Prueba legal de ADN masculino Y-STR"},"content":{"rendered":"<p class=\"p1\">La Prueba Legal de ADN Y-STR se utiliza para determinar si dos individuos de sexo masculino comparten una l\u00ednea paterna com\u00fan. Esta prueba analiza marcadores en el cromosoma Y, el cual se transmite de padre a hijo con pocos cambios a trav\u00e9s de las generaciones. Los perfiles Y-STR coincidentes indican una ascendencia de l\u00ednea masculina compartida, mientras que las diferencias confirman que no existe un linaje paterno directo. Esta prueba confirma si est\u00e1 presente una l\u00ednea paterna com\u00fan, pero no identifica la relaci\u00f3n biol\u00f3gica espec\u00edfica.<\/p>\n<p class=\"p1\">Todas las pruebas son realizadas por un laboratorio de EE. UU. acreditado por la AABB utilizando procedimientos validados y estrictos protocolos de cadena de custodia. Las identidades de los participantes se verifican en el momento de la recolecci\u00f3n, y todas las muestras se documentan y manejan de forma segura para garantizar que los resultados sean admisibles en juicios y para uso oficial en los 50 estados. Los informes finales son notarizados y emitidos como documentaci\u00f3n oficial.<\/p>\n<p class=\"p1\">La recolecci\u00f3n de muestras debe ser realizada por un profesional capacitado. Puede optar por el Servicio de Recolecci\u00f3n Profesional en un centro aprobado cercano a trav\u00e9s de nuestra red nacional, o coordinar la recolecci\u00f3n a trav\u00e9s de su propio m\u00e9dico o cl\u00ednica. Si los participantes se encuentran en diferentes ciudades o estados, se pueden programar citas de recolecci\u00f3n separadas para que cada persona pueda realizarse la prueba en una ubicaci\u00f3n conveniente.<\/p>\n<p class=\"p1\">Una vez que el laboratorio reciba todas las muestras, se completar\u00e1n las pruebas y los resultados se entregar\u00e1n normalmente por correo electr\u00f3nico seguro dentro de <span class=\"s1\"><b>24 horas<\/b><\/span> de finalizaci\u00f3n, si se selecciona el env\u00edo por correo electr\u00f3nico. Se env\u00eda un informe impreso y notariado por correo en aproximadamente una semana.<\/p>\n<p class=\"p1\">Si no est\u00e1 seguro de si la prueba Y-STR es la opci\u00f3n adecuada para su situaci\u00f3n, nuestro equipo puede ayudarle a determinar el enfoque de prueba m\u00e1s conveniente.<\/p>","protected":false},"excerpt":{"rendered":"<p class=\"p1\">La Prueba Legal de ADN Y-STR determina si dos hombres comparten el mismo linaje paterno, con resultados que son admisibles en tribunales en los 50 estados. La prueba es realizada por un laboratorio de EE. UU. acreditado por la AABB utilizando un proceso seguro de cadena de custodia para garantizar resultados precisos y legalmente v\u00e1lidos.<\/p>","protected":false},"featured_media":43571,"template":"","meta":{"_acf_changed":false},"product_brand":[],"product_cat":[7],"product_tag":[],"class_list":{"0":"post-48","1":"product","2":"type-product","3":"status-publish","4":"has-post-thumbnail","6":"product_cat-legal-dna-testing","8":"first","9":"instock","10":"purchasable","11":"product-type-simple"},"acf":[],"jetpack_sharing_enabled":true,"_links":{"self":[{"href":"https:\/\/www.paternityusa.com\/es\/wp-json\/wp\/v2\/product\/48","targetHints":{"allow":["GET"]}}],"collection":[{"href":"https:\/\/www.paternityusa.com\/es\/wp-json\/wp\/v2\/product"}],"about":[{"href":"https:\/\/www.paternityusa.com\/es\/wp-json\/wp\/v2\/types\/product"}],"wp:featuredmedia":[{"embeddable":true,"href":"https:\/\/www.paternityusa.com\/es\/wp-json\/wp\/v2\/media\/43571"}],"wp:attachment":[{"href":"https:\/\/www.paternityusa.com\/es\/wp-json\/wp\/v2\/media?parent=48"}],"wp:term":[{"taxonomy":"product_brand","embeddable":true,"href":"https:\/\/www.paternityusa.com\/es\/wp-json\/wp\/v2\/product_brand?post=48"},{"taxonomy":"product_cat","embeddable":true,"href":"https:\/\/www.paternityusa.com\/es\/wp-json\/wp\/v2\/product_cat?post=48"},{"taxonomy":"product_tag","embeddable":true,"href":"https:\/\/www.paternityusa.com\/es\/wp-json\/wp\/v2\/product_tag?post=48"}],"curies":[{"name":"la hora de","href":"https:\/\/api.w.org\/{rel}","templated":true}]}}