{"id":46,"date":"2016-10-02T22:03:49","date_gmt":"2016-10-03T02:03:49","guid":{"rendered":"http:\/\/biz177.inmotionhosting.com\/~devpat5\/dev\/product\/legal-grandparent-test\/"},"modified":"2026-03-20T11:32:20","modified_gmt":"2026-03-20T15:32:20","slug":"pruebas-de-adn-de-los-abuelos-legal","status":"publish","type":"product","link":"https:\/\/www.paternityusa.com\/es\/product\/legal-grandparent-test\/","title":{"rendered":"Prueba legal de ADN entre abuelos"},"content":{"rendered":"<p class=\"p1\">La Prueba de ADN Legal de Abuelos se utiliza para determinar si existe una relaci\u00f3n biol\u00f3gica entre un ni\u00f1o y uno o ambos presuntos abuelos cuando no es posible realizar una prueba directa de paternidad o maternidad. Esta prueba se solicita com\u00fanmente para asuntos legales como inmigraci\u00f3n, herencia, elegibilidad para Seguro Social o beneficios, casos de custodia y otras situaciones que requieran una prueba oficial de una relaci\u00f3n familiar.<\/p>\n<p class=\"p1\">Todas las pruebas son realizadas por un laboratorio acreditado por AABB en EE. UU. y utilizan procedimientos validados y estrictos protocolos de cadena de custodia. Las identidades de los participantes se verifican en el momento de la recolecci\u00f3n, y todas las muestras se documentan y manejan de forma segura para garantizar que los resultados sean admisibles en juicios y para uso oficial en los 50 estados. Los informes finales son autenticados y emitidos como documentaci\u00f3n oficial.<\/p>\n<p class=\"p1\">Para obtener los resultados m\u00e1s concluyentes, se recomienda encarecidamente que la madre del ni\u00f1o est\u00e9 presente cuando sea posible. Dado que cada ni\u00f1o hereda la mitad de su ADN de su madre, su participaci\u00f3n ayuda a aislar la contribuci\u00f3n gen\u00e9tica paterna y mejora la solidez estad\u00edstica del an\u00e1lisis. Si es necesario, las pruebas a\u00fan se pueden realizar sin la madre.<\/p>\n<p class=\"p1\">La toma de muestras debe ser realizada por un profesional capacitado. La toma de muestras se puede coordinar a trav\u00e9s de nuestra red nacional de centros de recolecci\u00f3n aprobados, o puede elegir que las muestras sean recolectadas por su propio m\u00e9dico o cl\u00ednica. Si los participantes se encuentran en diferentes ciudades o estados, se pueden programar citas de recolecci\u00f3n separadas para que cada individuo pueda ser examinado en un lugar conveniente.<\/p>\n<p class=\"p1\">Una vez que el laboratorio reciba todas las muestras, los resultados suelen estar disponibles en <span class=\"s1\"><b>1\u20132 d\u00edas h\u00e1biles<\/b><\/span>. Si se selecciona la entrega por correo electr\u00f3nico, los resultados se env\u00edan de forma segura una vez que se completa la prueba, y un informe impreso y notarizado se env\u00eda por correo poco despu\u00e9s.<\/p>\n<p class=\"p1\">Si no est\u00e1 seguro de si las pruebas legales de abuelos son la opci\u00f3n correcta para su situaci\u00f3n, nuestro equipo puede ayudarle a determinar el enfoque de pruebas m\u00e1s adecuado.<\/p>","protected":false},"excerpt":{"rendered":"<p class=\"p1\">La Prueba Legal de ADN de Abuelos eval\u00faa una relaci\u00f3n biol\u00f3gica entre un ni\u00f1o y uno o ambos abuelos, con resultados que son admisibles en tribunales en los 50 estados. Las pruebas se realizan en un laboratorio estadounidense acreditado por la AABB utilizando un proceso seguro de cadena de custodia para garantizar resultados precisos y legalmente v\u00e1lidos.<\/p>","protected":false},"featured_media":43561,"template":"","meta":{"_acf_changed":false},"product_brand":[],"product_cat":[7],"product_tag":[],"class_list":{"0":"post-46","1":"product","2":"type-product","3":"status-publish","4":"has-post-thumbnail","6":"product_cat-legal-dna-testing","8":"first","9":"instock","10":"purchasable","11":"product-type-simple"},"acf":[],"jetpack_sharing_enabled":true,"_links":{"self":[{"href":"https:\/\/www.paternityusa.com\/es\/wp-json\/wp\/v2\/product\/46","targetHints":{"allow":["GET"]}}],"collection":[{"href":"https:\/\/www.paternityusa.com\/es\/wp-json\/wp\/v2\/product"}],"about":[{"href":"https:\/\/www.paternityusa.com\/es\/wp-json\/wp\/v2\/types\/product"}],"wp:featuredmedia":[{"embeddable":true,"href":"https:\/\/www.paternityusa.com\/es\/wp-json\/wp\/v2\/media\/43561"}],"wp:attachment":[{"href":"https:\/\/www.paternityusa.com\/es\/wp-json\/wp\/v2\/media?parent=46"}],"wp:term":[{"taxonomy":"product_brand","embeddable":true,"href":"https:\/\/www.paternityusa.com\/es\/wp-json\/wp\/v2\/product_brand?post=46"},{"taxonomy":"product_cat","embeddable":true,"href":"https:\/\/www.paternityusa.com\/es\/wp-json\/wp\/v2\/product_cat?post=46"},{"taxonomy":"product_tag","embeddable":true,"href":"https:\/\/www.paternityusa.com\/es\/wp-json\/wp\/v2\/product_tag?post=46"}],"curies":[{"name":"la hora de","href":"https:\/\/api.w.org\/{rel}","templated":true}]}}