{"id":45,"date":"2023-01-29T22:03:49","date_gmt":"2023-01-30T03:03:49","guid":{"rendered":"http:\/\/biz177.inmotionhosting.com\/~devpat5\/dev\/product\/legal-sibling-dna-test\/"},"modified":"2026-03-20T11:23:14","modified_gmt":"2026-03-20T15:23:14","slug":"pruebas-de-adn-para-hermanos-legal","status":"publish","type":"product","link":"https:\/\/www.paternityusa.com\/es\/product\/legal-sibling-dna-test\/","title":{"rendered":"Prueba de ADN legal entre hermanos"},"content":{"rendered":"<p class=\"p1\">La Prueba Legal de ADN entre Hermanos se utiliza para determinar si dos individuos comparten el mismo padre biol\u00f3gico, madre biol\u00f3gica o ambos padres. Esta prueba es solicitada com\u00fanmente para asuntos legales como inmigraci\u00f3n, herencias, elegibilidad para beneficios u otras situaciones donde se requiere documentaci\u00f3n oficial de una relaci\u00f3n biol\u00f3gica.<\/p>\n<p class=\"p1\">Todas las pruebas legales de hermandad son realizadas por un laboratorio estadounidense acreditado por la AABB que utiliza procedimientos validados y estrictos protocolos de cadena de custodia. Las identidades de los participantes se verifican en el momento de la recolecci\u00f3n, y todas las muestras se documentan y manejan de forma segura para garantizar que los resultados sean admisibles en los tribunales y para uso oficial en los 50 estados.<\/p>\n<p class=\"p1\">Para obtener los resultados m\u00e1s concluyentes, se recomienda encarecidamente incluir a la madre, si est\u00e1 disponible. Dado que cada hijo hereda la mitad de su ADN de su madre, su participaci\u00f3n ayuda a aislar la contribuci\u00f3n paterna y mejora la fortaleza estad\u00edstica del an\u00e1lisis. La prueba a\u00fan se puede realizar sin la madre si es necesario.<\/p>\n<p class=\"p1\">La toma de muestras se puede realizar a trav\u00e9s de una red nacional de sitios de recolecci\u00f3n profesionales o a trav\u00e9s de su propio m\u00e9dico o cl\u00ednica. Si los participantes se encuentran en diferentes ciudades o estados, se pueden organizar citas de recolecci\u00f3n separadas para cada individuo.<\/p>\n<p class=\"p1\">Una vez que el laboratorio reciba todas las muestras, los resultados suelen estar disponibles en pocos d\u00edas h\u00e1biles. Los resultados oficiales se pueden entregar por correo electr\u00f3nico seguro, y un informe impreso notariado se enviar\u00e1 poco despu\u00e9s de completar las pruebas.<\/p>\n<p class=\"p1\">Si no est\u00e1 seguro de si una prueba de hermandad legal es la opci\u00f3n adecuada para su situaci\u00f3n, nuestro equipo puede ayudarle a revisar su caso y determinar el enfoque de prueba m\u00e1s apropiado.<\/p>","protected":false},"excerpt":{"rendered":"<p class=\"p1\">La Prueba Legal de ADN entre Hermanos determina si dos individuos comparten uno o ambos padres biol\u00f3gicos, con resultados que son admisibles en tribunales en los 50 estados. Las pruebas siguen un estricto proceso de cadena de custodia y son realizadas por un laboratorio de EE. UU. acreditado por la AABB para garantizar resultados precisos y confiables.<\/p>","protected":false},"featured_media":43539,"template":"","meta":{"_acf_changed":false},"product_brand":[],"product_cat":[7],"product_tag":[],"class_list":{"0":"post-45","1":"product","2":"type-product","3":"status-publish","4":"has-post-thumbnail","6":"product_cat-legal-dna-testing","8":"first","9":"instock","10":"purchasable","11":"product-type-simple"},"acf":[],"jetpack_sharing_enabled":true,"_links":{"self":[{"href":"https:\/\/www.paternityusa.com\/es\/wp-json\/wp\/v2\/product\/45","targetHints":{"allow":["GET"]}}],"collection":[{"href":"https:\/\/www.paternityusa.com\/es\/wp-json\/wp\/v2\/product"}],"about":[{"href":"https:\/\/www.paternityusa.com\/es\/wp-json\/wp\/v2\/types\/product"}],"wp:featuredmedia":[{"embeddable":true,"href":"https:\/\/www.paternityusa.com\/es\/wp-json\/wp\/v2\/media\/43539"}],"wp:attachment":[{"href":"https:\/\/www.paternityusa.com\/es\/wp-json\/wp\/v2\/media?parent=45"}],"wp:term":[{"taxonomy":"product_brand","embeddable":true,"href":"https:\/\/www.paternityusa.com\/es\/wp-json\/wp\/v2\/product_brand?post=45"},{"taxonomy":"product_cat","embeddable":true,"href":"https:\/\/www.paternityusa.com\/es\/wp-json\/wp\/v2\/product_cat?post=45"},{"taxonomy":"product_tag","embeddable":true,"href":"https:\/\/www.paternityusa.com\/es\/wp-json\/wp\/v2\/product_tag?post=45"}],"curies":[{"name":"la hora de","href":"https:\/\/api.w.org\/{rel}","templated":true}]}}