{"id":44,"date":"2016-10-02T22:03:49","date_gmt":"2016-10-03T02:03:49","guid":{"rendered":"http:\/\/biz177.inmotionhosting.com\/~devpat5\/dev\/product\/legal-maternity-test\/"},"modified":"2026-03-20T11:33:34","modified_gmt":"2026-03-20T15:33:34","slug":"prueba-de-maternidad-legal","status":"publish","type":"product","link":"https:\/\/www.paternityusa.com\/es\/product\/legal-maternity-test\/","title":{"rendered":"Prueba legal de ADN de maternidad"},"content":{"rendered":"<p class=\"p1\">La Prueba de ADN de Maternidad Legal se utiliza para confirmar si una mujer es la madre biol\u00f3gica de un ni\u00f1o cuando se requieren resultados para fines judiciales u oficiales. Esta prueba puede solicitarse para correcciones de certificados de nacimiento, asuntos de custodia, inmigraci\u00f3n, herencias, beneficios gubernamentales u otras situaciones legales donde se requiera prueba documentada de maternidad.<\/p>\n<p class=\"p1\">Todas las pruebas son realizadas por un laboratorio acreditado por AABB en EE. UU. y utilizan procedimientos validados y estrictos protocolos de cadena de custodia. Las identidades de los participantes se verifican en el momento de la recolecci\u00f3n, y todas las muestras se documentan y manejan de forma segura para garantizar que los resultados sean admisibles en juicios y para uso oficial en los 50 estados. Los informes finales son autenticados y emitidos como documentaci\u00f3n oficial.<\/p>\n<p class=\"p1\">La toma de muestras debe ser realizada por un profesional m\u00e9dico calificado. Puede optar por que la toma de muestras se realice en un centro autorizado cercano a trav\u00e9s de nuestra red nacional, o puede organizar la toma de muestras a trav\u00e9s de su propio m\u00e9dico o cl\u00ednica m\u00e9dica. Si los participantes se encuentran en diferentes ciudades o estados, se pueden organizar citas de toma de muestras separadas para que cada individuo pueda ser examinado en un lugar conveniente.<\/p>\n<p class=\"p1\">Una vez que el laboratorio reciba todas las muestras, los resultados suelen estar disponibles en <span class=\"s1\"><b>1\u20132 d\u00edas h\u00e1biles<\/b><\/span>. Si se selecciona la entrega por correo electr\u00f3nico, los resultados se env\u00edan de forma segura dentro de las 24 horas posteriores a la finalizaci\u00f3n de la prueba, y un informe impreso notariado se env\u00eda por correo poco despu\u00e9s.<\/p>\n<p class=\"p1\">Si requiere pruebas de ADN espec\u00edficamente para fines de inmigraci\u00f3n o embajada, por favor seleccione la opci\u00f3n de Prueba de ADN para Inmigraci\u00f3n, la cual sigue requisitos adicionales de documentaci\u00f3n y coordinaci\u00f3n.<\/p>","protected":false},"excerpt":{"rendered":"<p class=\"p1\">La Prueba Legal de ADN de Maternidad confirma una relaci\u00f3n biol\u00f3gica madre-hijo con resultados que son admisibles en tribunales en los 50 estados. Las pruebas son realizadas por un laboratorio de EE. UU. acreditado por la AABB utilizando un proceso seguro de cadena de custodia para garantizar resultados precisos, confiables y legalmente v\u00e1lidos.<\/p>","protected":false},"featured_media":43556,"template":"","meta":{"_acf_changed":false},"product_brand":[],"product_cat":[7],"product_tag":[],"class_list":{"0":"post-44","1":"product","2":"type-product","3":"status-publish","4":"has-post-thumbnail","6":"product_cat-legal-dna-testing","8":"first","9":"instock","10":"purchasable","11":"product-type-simple"},"acf":[],"jetpack_sharing_enabled":true,"_links":{"self":[{"href":"https:\/\/www.paternityusa.com\/es\/wp-json\/wp\/v2\/product\/44","targetHints":{"allow":["GET"]}}],"collection":[{"href":"https:\/\/www.paternityusa.com\/es\/wp-json\/wp\/v2\/product"}],"about":[{"href":"https:\/\/www.paternityusa.com\/es\/wp-json\/wp\/v2\/types\/product"}],"wp:featuredmedia":[{"embeddable":true,"href":"https:\/\/www.paternityusa.com\/es\/wp-json\/wp\/v2\/media\/43556"}],"wp:attachment":[{"href":"https:\/\/www.paternityusa.com\/es\/wp-json\/wp\/v2\/media?parent=44"}],"wp:term":[{"taxonomy":"product_brand","embeddable":true,"href":"https:\/\/www.paternityusa.com\/es\/wp-json\/wp\/v2\/product_brand?post=44"},{"taxonomy":"product_cat","embeddable":true,"href":"https:\/\/www.paternityusa.com\/es\/wp-json\/wp\/v2\/product_cat?post=44"},{"taxonomy":"product_tag","embeddable":true,"href":"https:\/\/www.paternityusa.com\/es\/wp-json\/wp\/v2\/product_tag?post=44"}],"curies":[{"name":"la hora de","href":"https:\/\/api.w.org\/{rel}","templated":true}]}}