{"id":43,"date":"2022-09-14T22:03:49","date_gmt":"2022-09-15T02:03:49","guid":{"rendered":"http:\/\/biz177.inmotionhosting.com\/~devpat5\/dev\/product\/legal-paternity-test\/"},"modified":"2026-03-20T11:23:49","modified_gmt":"2026-03-20T15:23:49","slug":"prueba-de-paternidad-legal","status":"publish","type":"product","link":"https:\/\/www.paternityusa.com\/es\/product\/legal-paternity-test\/","title":{"rendered":"Prueba de ADN legal de paternidad"},"content":{"rendered":"<p class=\"p1\">La prueba de ADN de paternidad legal se utiliza para confirmar si un hombre es el padre biol\u00f3gico de un ni\u00f1o cuando los resultados se requieren para fines judiciales u oficiales. Esta prueba se solicita com\u00fanmente para manutenci\u00f3n de hijos, custodia, cambios en el certificado de nacimiento, inmigraci\u00f3n, herencias y otros asuntos legales.<\/p>\n<p class=\"p1\">Todos los an\u00e1lisis se realizan en un laboratorio estadounidense acreditado por la AABB, utilizando procedimientos validados y estrictos protocolos de cadena de custodia. La identidad de los participantes se verifica en el momento de la recogida, y todas las muestras se documentan y manipulan de forma segura para garantizar que los resultados sean admisibles para su uso judicial y gubernamental en los 50 estados.<\/p>\n<p class=\"p1\">La recogida de muestras debe ser realizada por un profesional cualificado. Puede optar por que la recogida se realice en un centro autorizado cercano a trav\u00e9s de nuestra red nacional, o bien puede acudir a su propio m\u00e9dico o cl\u00ednica. Si los participantes se encuentran en diferentes ciudades o estados, se pueden concertar citas de recogida por separado para que cada persona pueda someterse a la prueba en un lugar que le resulte conveniente.<\/p>\n<p class=\"p1\">Una vez que el laboratorio reciba todas las muestras, los resultados suelen estar disponibles en <span class=\"s1\"><b>1\u20132 d\u00edas h\u00e1biles<\/b><\/span>. Los resultados se pueden enviar de forma segura por correo electr\u00f3nico tan pronto como finalice la prueba, y poco despu\u00e9s se env\u00eda por correo postal un informe impreso y certificado ante notario.<\/p>\n<p class=\"p1\">Si no est\u00e1 seguro de si en su caso es necesario realizar una prueba de paternidad con validez legal, nuestro equipo puede ayudarle a determinar cu\u00e1l es la opci\u00f3n m\u00e1s adecuada.<\/p>","protected":false},"excerpt":{"rendered":"<p class=\"p1\">La prueba de ADN de paternidad legal confirma la relaci\u00f3n biol\u00f3gica entre padre e hijo con resultados admisibles ante los tribunales en los 50 estados. La prueba la realiza un laboratorio estadounidense acreditado por la AABB, que utiliza un proceso seguro de cadena de custodia para garantizar resultados precisos, fiables y legalmente v\u00e1lidos.<\/p>","protected":false},"featured_media":43546,"template":"","meta":{"_acf_changed":false},"product_brand":[],"product_cat":[7],"product_tag":[],"class_list":{"0":"post-43","1":"product","2":"type-product","3":"status-publish","4":"has-post-thumbnail","6":"product_cat-legal-dna-testing","8":"first","9":"instock","10":"purchasable","11":"product-type-simple"},"acf":[],"jetpack_sharing_enabled":true,"_links":{"self":[{"href":"https:\/\/www.paternityusa.com\/es\/wp-json\/wp\/v2\/product\/43","targetHints":{"allow":["GET"]}}],"collection":[{"href":"https:\/\/www.paternityusa.com\/es\/wp-json\/wp\/v2\/product"}],"about":[{"href":"https:\/\/www.paternityusa.com\/es\/wp-json\/wp\/v2\/types\/product"}],"wp:featuredmedia":[{"embeddable":true,"href":"https:\/\/www.paternityusa.com\/es\/wp-json\/wp\/v2\/media\/43546"}],"wp:attachment":[{"href":"https:\/\/www.paternityusa.com\/es\/wp-json\/wp\/v2\/media?parent=43"}],"wp:term":[{"taxonomy":"product_brand","embeddable":true,"href":"https:\/\/www.paternityusa.com\/es\/wp-json\/wp\/v2\/product_brand?post=43"},{"taxonomy":"product_cat","embeddable":true,"href":"https:\/\/www.paternityusa.com\/es\/wp-json\/wp\/v2\/product_cat?post=43"},{"taxonomy":"product_tag","embeddable":true,"href":"https:\/\/www.paternityusa.com\/es\/wp-json\/wp\/v2\/product_tag?post=43"}],"curies":[{"name":"la hora de","href":"https:\/\/api.w.org\/{rel}","templated":true}]}}