{"id":42,"date":"2016-10-02T22:03:49","date_gmt":"2016-10-03T02:03:49","guid":{"rendered":"http:\/\/biz177.inmotionhosting.com\/~devpat5\/dev\/product\/non-legal-twin-zygo-dna-test\/"},"modified":"2026-03-20T11:33:51","modified_gmt":"2026-03-20T15:33:51","slug":"prueba-de-adn-de-zigosidad","status":"publish","type":"product","link":"https:\/\/www.paternityusa.com\/es\/product\/non-legal-twin-zygo-dna-test\/","title":{"rendered":"Prueba de ADN de Zigocidad Gemelar para el Hogar"},"content":{"rendered":"<p class=\"p1\">La Prueba de ADN Home Twin Zygosity ofrece una forma confiable de determinar si los gemelos son id\u00e9nticos o fraternos. Esta prueba compara los perfiles de ADN de ambos individuos para evaluar su similitud gen\u00e9tica. Los gemelos id\u00e9nticos (monocig\u00f3ticos) comparten ADN casi id\u00e9ntico, mientras que los gemelos fraternos (dicig\u00f3ticos) son gen\u00e9ticamente similares a hermanos t\u00edpicos.<\/p>\n<p class=\"p1\">Comprender la zigosidad de gemelos puede ser importante para la conciencia m\u00e9dica, la planificaci\u00f3n gen\u00e9tica y el conocimiento personal. Todas las muestras son analizadas por un laboratorio estadounidense acreditado por la AABB, utilizando tecnolog\u00eda avanzada y procedimientos validados para garantizar resultados precisos y confiables.<\/p>\n<p class=\"p1\">La recolecci\u00f3n de ADN se realiza en privado, en casa, utilizando hisopos indoloros para mejillas incluidos en el kit. Los kits de recolecci\u00f3n se env\u00edan de forma r\u00e1pida y discreta, con empaque de devoluci\u00f3n prepagado incluido. Si los gemelos se encuentran en diferentes ciudades o estados dentro de los Estados Unidos contiguos, se pueden agregar direcciones de env\u00edo adicionales durante el proceso de pedido para que cada participante reciba su propio kit de recolecci\u00f3n.<\/p>\n<p class=\"p1\">Una vez que el laboratorio reciba todas las muestras, los resultados suelen estar disponibles en unos pocos d\u00edas h\u00e1biles. Las pruebas de cigocidad de gemelos en casa son solo para fines informativos personales. Si requiere pruebas para fines legales u oficiales, por favor contacte nuestra oficina para discutir las opciones disponibles.<\/p>","protected":false},"excerpt":{"rendered":"<p class=\"p1\">La prueba de ADN Home Twin Zygosity determina si gemelos son id\u00e9nticos (monocig\u00f3ticos) o fraternos (dicig\u00f3ticos) al comparar sus perfiles de ADN. Las muestras se recolectan de forma privada en casa y son analizadas por un laboratorio acreditado en EE. UU. para entregar resultados precisos y confidenciales.<\/p>","protected":false},"featured_media":43534,"template":"","meta":{"_acf_changed":false},"product_brand":[],"product_cat":[6],"product_tag":[],"class_list":{"0":"post-42","1":"product","2":"type-product","3":"status-publish","4":"has-post-thumbnail","6":"product_cat-non-legal-dna-testing","8":"first","9":"instock","10":"purchasable","11":"product-type-simple"},"acf":[],"jetpack_sharing_enabled":true,"_links":{"self":[{"href":"https:\/\/www.paternityusa.com\/es\/wp-json\/wp\/v2\/product\/42","targetHints":{"allow":["GET"]}}],"collection":[{"href":"https:\/\/www.paternityusa.com\/es\/wp-json\/wp\/v2\/product"}],"about":[{"href":"https:\/\/www.paternityusa.com\/es\/wp-json\/wp\/v2\/types\/product"}],"wp:featuredmedia":[{"embeddable":true,"href":"https:\/\/www.paternityusa.com\/es\/wp-json\/wp\/v2\/media\/43534"}],"wp:attachment":[{"href":"https:\/\/www.paternityusa.com\/es\/wp-json\/wp\/v2\/media?parent=42"}],"wp:term":[{"taxonomy":"product_brand","embeddable":true,"href":"https:\/\/www.paternityusa.com\/es\/wp-json\/wp\/v2\/product_brand?post=42"},{"taxonomy":"product_cat","embeddable":true,"href":"https:\/\/www.paternityusa.com\/es\/wp-json\/wp\/v2\/product_cat?post=42"},{"taxonomy":"product_tag","embeddable":true,"href":"https:\/\/www.paternityusa.com\/es\/wp-json\/wp\/v2\/product_tag?post=42"}],"curies":[{"name":"la hora de","href":"https:\/\/api.w.org\/{rel}","templated":true}]}}