{"id":41,"date":"2019-09-10T22:03:49","date_gmt":"2019-09-11T02:03:49","guid":{"rendered":"http:\/\/biz177.inmotionhosting.com\/~devpat5\/dev\/product\/non-legal-family-reconstruction\/"},"modified":"2026-03-20T11:24:19","modified_gmt":"2026-03-20T15:24:19","slug":"reconstruccion-prueba-de-adn","status":"publish","type":"product","link":"https:\/\/www.paternityusa.com\/es\/product\/non-legal-family-reconstruction\/","title":{"rendered":"Inicio Prueba de ADN de Reconstrucci\u00f3n Familiar"},"content":{"rendered":"<p class=\"p1\">La Prueba de ADN de Reconstrucci\u00f3n Familiar ofrece una forma confiable de evaluar una relaci\u00f3n biol\u00f3gica cuando el presunto padre no est\u00e1 disponible para la prueba. Este an\u00e1lisis compara el ADN de un ni\u00f1o con dos familiares paternos cercanos \u2014como los padres o hermanos del presunto padre\u2014 para determinar si la evidencia gen\u00e9tica respalda la conexi\u00f3n familiar reclamada.<\/p>\n<p class=\"p1\">Este tipo de prueba est\u00e1 dise\u00f1ado para situaciones en las que no es posible realizar una prueba de paternidad directa. Al analizar el ADN de m\u00faltiples parientes paternos, el laboratorio puede reconstruir el perfil gen\u00e9tico faltante y realizar una comparaci\u00f3n estad\u00edstica para evaluar la probabilidad de una relaci\u00f3n biol\u00f3gica. Todas las muestras son analizadas por un laboratorio acreditado en EE. UU. utilizando procedimientos validados para garantizar resultados precisos y confidenciales.<\/p>\n<p class=\"p1\">La recolecci\u00f3n se completa de forma privada en casa utilizando hisopados bucales indoloros. Los kits de ADN se env\u00edan de forma r\u00e1pida y discreta, e incluyen embalaje de devoluci\u00f3n prepago. Si los participantes se encuentran en diferentes ciudades o estados, se pueden agregar direcciones de env\u00edo adicionales durante el proceso de pedido para que cada persona reciba su propio kit de recolecci\u00f3n. Una vez que el laboratorio recibe todas las muestras, los resultados suelen estar disponibles en unos pocos d\u00edas h\u00e1biles.<\/p>\n<p class=\"p1\">Las pruebas de reconstrucci\u00f3n familiar para uso dom\u00e9stico son solo para conocimiento personal. Si requiere resultados para fines judiciales u oficiales, se requerir\u00e1 una prueba legal de ADN con una cadena de custodia documentada.<\/p>","protected":false},"excerpt":{"rendered":"<p class=\"p1\">La Prueba de ADN de Reconstrucci\u00f3n Familiar del Hogar ayuda a determinar una relaci\u00f3n biol\u00f3gica cuando el presunto padre no est\u00e1 disponible para la prueba. Esta prueba compara el ADN de un ni\u00f1o con dos parientes paternos cercanos, como los padres o hermanos del presunto padre, para evaluar si existe una conexi\u00f3n biol\u00f3gica.<\/p>","protected":false},"featured_media":43504,"template":"","meta":{"_acf_changed":false},"product_brand":[],"product_cat":[6],"product_tag":[],"class_list":{"0":"post-41","1":"product","2":"type-product","3":"status-publish","4":"has-post-thumbnail","6":"product_cat-non-legal-dna-testing","8":"first","9":"instock","10":"purchasable","11":"product-type-simple"},"acf":[],"jetpack_sharing_enabled":true,"_links":{"self":[{"href":"https:\/\/www.paternityusa.com\/es\/wp-json\/wp\/v2\/product\/41","targetHints":{"allow":["GET"]}}],"collection":[{"href":"https:\/\/www.paternityusa.com\/es\/wp-json\/wp\/v2\/product"}],"about":[{"href":"https:\/\/www.paternityusa.com\/es\/wp-json\/wp\/v2\/types\/product"}],"wp:featuredmedia":[{"embeddable":true,"href":"https:\/\/www.paternityusa.com\/es\/wp-json\/wp\/v2\/media\/43504"}],"wp:attachment":[{"href":"https:\/\/www.paternityusa.com\/es\/wp-json\/wp\/v2\/media?parent=41"}],"wp:term":[{"taxonomy":"product_brand","embeddable":true,"href":"https:\/\/www.paternityusa.com\/es\/wp-json\/wp\/v2\/product_brand?post=41"},{"taxonomy":"product_cat","embeddable":true,"href":"https:\/\/www.paternityusa.com\/es\/wp-json\/wp\/v2\/product_cat?post=41"},{"taxonomy":"product_tag","embeddable":true,"href":"https:\/\/www.paternityusa.com\/es\/wp-json\/wp\/v2\/product_tag?post=41"}],"curies":[{"name":"la hora de","href":"https:\/\/api.w.org\/{rel}","templated":true}]}}