{"id":40,"date":"2016-10-02T22:03:49","date_gmt":"2016-10-03T02:03:49","guid":{"rendered":"http:\/\/biz177.inmotionhosting.com\/~devpat5\/dev\/product\/non-legal-x-sv-female-test\/"},"modified":"2026-03-20T11:34:08","modified_gmt":"2026-03-20T15:34:08","slug":"prueba-de-adn-mitocondrial","status":"publish","type":"product","link":"https:\/\/www.paternityusa.com\/es\/product\/non-legal-x-sv-female-test\/","title":{"rendered":"Prueba de linaje materno de ADN mitocondrial para el hogar"},"content":{"rendered":"<p class=\"p1\">La prueba de linaje materno (ADN mitocondrial) para el hogar est\u00e1 dise\u00f1ada para determinar si dos o m\u00e1s personas comparten una ascendencia materna com\u00fan. Esta prueba analiza el ADN mitocondrial (ADNmt), que se transmite de una madre a todos sus hijos y permanece sin cambios significativos a lo largo de las generaciones. Debido a este patr\u00f3n de herencia, la prueba de ADNmt es una forma eficaz de evaluar las relaciones biol\u00f3gicas a trav\u00e9s de la l\u00ednea materna.<\/p>\n<p class=\"p1\">Esta prueba se puede utilizar para comparar individuos conectados a trav\u00e9s de un linaje materno ininterrumpido, como hermanos, parientes maternos o miembros de familia extendida. Si existe una relaci\u00f3n materna compartida, los perfiles de ADN mitocondrial coincidir\u00e1n. Si los individuos no comparten la misma l\u00ednea materna, se identificar\u00e1n diferencias en sus perfiles gen\u00e9ticos.<\/p>\n<p class=\"p1\">Las muestras de ADN se recolectan en privado en casa mediante hisopados bucales indoloros y son analizadas por un laboratorio estadounidense acreditado por la AABB que utiliza tecnolog\u00eda de prueba avanzada y procedimientos validados para garantizar resultados precisos y confiables. Debido a la secuenciaci\u00f3n y el an\u00e1lisis detallados requeridos, el procesamiento de laboratorio generalmente lleva <span class=\"s1\"><b>14\u201321 d\u00edas h\u00e1biles<\/b><\/span> despu\u00e9s de que se reciban todas las muestras.<\/p>\n<p class=\"p1\">Los kits de recolecci\u00f3n se env\u00edan r\u00e1pida y discretamente, con direcciones de env\u00edo adicionales disponibles si los participantes se encuentran en diferentes ciudades o estados dentro de los Estados Unidos contiguos.<\/p>\n<p class=\"p1\">Las pruebas de ADN mitocondrial en casa son solo para conocimiento personal. Si necesita pruebas para fines legales u oficiales, comun\u00edquese con nuestra oficina para discutir las opciones disponibles. Tenga en cuenta que los kits de recolecci\u00f3n de ADN en casa no se pueden enviar a direcciones dentro del estado de Nueva York debido a las regulaciones estatales.<\/p>","protected":false},"excerpt":{"rendered":"<p class=\"p1\">La Prueba de Linaje Femenino mtDNA del Hogar determina si dos o m\u00e1s individuos comparten la misma l\u00ednea materna mediante el an\u00e1lisis del ADN mitocondrial, el cual se transmite de madre a hijo. Las muestras se recolectan de forma privada en casa y son analizadas por un laboratorio acreditado en EE. UU. para proporcionar resultados precisos y confidenciales.<\/p>","protected":false},"featured_media":43529,"template":"","meta":{"_acf_changed":false},"product_brand":[],"product_cat":[6],"product_tag":[],"class_list":{"0":"post-40","1":"product","2":"type-product","3":"status-publish","4":"has-post-thumbnail","6":"product_cat-non-legal-dna-testing","8":"first","9":"instock","10":"purchasable","11":"product-type-simple"},"acf":[],"jetpack_sharing_enabled":true,"_links":{"self":[{"href":"https:\/\/www.paternityusa.com\/es\/wp-json\/wp\/v2\/product\/40","targetHints":{"allow":["GET"]}}],"collection":[{"href":"https:\/\/www.paternityusa.com\/es\/wp-json\/wp\/v2\/product"}],"about":[{"href":"https:\/\/www.paternityusa.com\/es\/wp-json\/wp\/v2\/types\/product"}],"wp:featuredmedia":[{"embeddable":true,"href":"https:\/\/www.paternityusa.com\/es\/wp-json\/wp\/v2\/media\/43529"}],"wp:attachment":[{"href":"https:\/\/www.paternityusa.com\/es\/wp-json\/wp\/v2\/media?parent=40"}],"wp:term":[{"taxonomy":"product_brand","embeddable":true,"href":"https:\/\/www.paternityusa.com\/es\/wp-json\/wp\/v2\/product_brand?post=40"},{"taxonomy":"product_cat","embeddable":true,"href":"https:\/\/www.paternityusa.com\/es\/wp-json\/wp\/v2\/product_cat?post=40"},{"taxonomy":"product_tag","embeddable":true,"href":"https:\/\/www.paternityusa.com\/es\/wp-json\/wp\/v2\/product_tag?post=40"}],"curies":[{"name":"la hora de","href":"https:\/\/api.w.org\/{rel}","templated":true}]}}