{"id":39,"date":"2016-10-02T22:03:49","date_gmt":"2016-10-03T02:03:49","guid":{"rendered":"http:\/\/biz177.inmotionhosting.com\/~devpat5\/dev\/product\/non-legal-y-str-male-test\/"},"modified":"2026-03-20T11:34:35","modified_gmt":"2026-03-20T15:34:35","slug":"prueba-de-adn-del-cromosoma-y-2","status":"publish","type":"product","link":"https:\/\/www.paternityusa.com\/es\/product\/non-legal-y-str-male-test\/","title":{"rendered":"Prueba de ADN Masculino Y-STR en Casa"},"content":{"rendered":"<p class=\"p1\">La Prueba de ADN Y-STR para el Hogar est\u00e1 dise\u00f1ada para determinar si dos o m\u00e1s varones comparten una l\u00ednea paterna com\u00fan. Esta prueba analiza marcadores espec\u00edficos en el cromosoma Y, el cual se transmite pr\u00e1cticamente sin cambios de padre a hijo a lo largo de las generaciones. Debido a este patr\u00f3n de herencia, la prueba Y-STR puede ayudar a confirmar una conexi\u00f3n biol\u00f3gica a trav\u00e9s de la l\u00ednea masculina cuando el presunto padre no est\u00e1 disponible para realizar una prueba directa.<\/p>\n<p class=\"p1\">Esta prueba a menudo se utiliza para comparar a un ni\u00f1o con un pariente paterno, como un abuelo, t\u00edo, medio hermano u otro miembro masculino de la familia dentro de la misma l\u00ednea paterna directa. Si existe una relaci\u00f3n biol\u00f3gica paterna, los perfiles del cromosoma Y coincidir\u00e1n. Si los individuos no est\u00e1n emparentados por l\u00ednea paterna, los perfiles mostrar\u00e1n diferencias.<\/p>\n<p class=\"p1\">Las muestras de ADN se recolectan en privado en casa utilizando hisopos bucales indoloros y las analiza un laboratorio acreditado de EE. UU. utilizando procedimientos validados. Cada muestra se procesa con estrictos controles de calidad para garantizar resultados precisos y confiables, que se entregan de forma confidencial una vez que se completa la prueba.<\/p>\n<p class=\"p1\">Los kits de recolecci\u00f3n se env\u00edan de forma r\u00e1pida y discreta, con embalaje de devoluci\u00f3n prepago incluido. Si los participantes se encuentran en diferentes ciudades o estados dentro de los Estados Unidos contiguos, se pueden agregar direcciones de env\u00edo adicionales durante el proceso de pedido para que cada persona reciba su propio kit de recolecci\u00f3n.<\/p>\n<p class=\"p1\">Las pruebas Y-STR caseras est\u00e1n destinadas \u00fanicamente a conocimiento personal. Si requiere resultados para fines judiciales u oficiales, se requerir\u00e1 una prueba de ADN legal con una cadena de custodia documentada.<\/p>","protected":false},"excerpt":{"rendered":"<p class=\"p1\">La Prueba de ADN de Y-STR en Casa eval\u00faa si dos o m\u00e1s varones comparten el mismo linaje paterno mediante el an\u00e1lisis del cromosoma Y, que se hereda de padre a hijo. Las muestras se recolectan de forma privada en casa y son analizadas por un laboratorio acreditado en Estados Unidos para proporcionar resultados precisos y confidenciales.<\/p>","protected":false},"featured_media":43524,"template":"","meta":{"_acf_changed":false},"product_brand":[],"product_cat":[6],"product_tag":[],"class_list":{"0":"post-39","1":"product","2":"type-product","3":"status-publish","4":"has-post-thumbnail","6":"product_cat-non-legal-dna-testing","8":"first","9":"instock","10":"purchasable","11":"product-type-simple"},"acf":[],"jetpack_sharing_enabled":true,"_links":{"self":[{"href":"https:\/\/www.paternityusa.com\/es\/wp-json\/wp\/v2\/product\/39","targetHints":{"allow":["GET"]}}],"collection":[{"href":"https:\/\/www.paternityusa.com\/es\/wp-json\/wp\/v2\/product"}],"about":[{"href":"https:\/\/www.paternityusa.com\/es\/wp-json\/wp\/v2\/types\/product"}],"wp:featuredmedia":[{"embeddable":true,"href":"https:\/\/www.paternityusa.com\/es\/wp-json\/wp\/v2\/media\/43524"}],"wp:attachment":[{"href":"https:\/\/www.paternityusa.com\/es\/wp-json\/wp\/v2\/media?parent=39"}],"wp:term":[{"taxonomy":"product_brand","embeddable":true,"href":"https:\/\/www.paternityusa.com\/es\/wp-json\/wp\/v2\/product_brand?post=39"},{"taxonomy":"product_cat","embeddable":true,"href":"https:\/\/www.paternityusa.com\/es\/wp-json\/wp\/v2\/product_cat?post=39"},{"taxonomy":"product_tag","embeddable":true,"href":"https:\/\/www.paternityusa.com\/es\/wp-json\/wp\/v2\/product_tag?post=39"}],"curies":[{"name":"la hora de","href":"https:\/\/api.w.org\/{rel}","templated":true}]}}