{"id":38,"date":"2023-11-08T22:03:49","date_gmt":"2023-11-09T03:03:49","guid":{"rendered":"http:\/\/biz177.inmotionhosting.com\/~devpat5\/dev\/product\/non-legal-avuncular-test\/"},"modified":"2026-04-09T18:27:07","modified_gmt":"2026-04-09T22:27:07","slug":"tia-tio-pruebas-de-adn","status":"publish","type":"product","link":"https:\/\/www.paternityusa.com\/es\/product\/non-legal-avuncular-test\/","title":{"rendered":"Prueba de ADN avuncular a domicilio"},"content":{"rendered":"<p>La prueba de ADN hogare\u00f1a de t\u00edo\/t\u00eda ayuda a determinar si existe una relaci\u00f3n biol\u00f3gica entre un t\u00edo o t\u00eda y un sobrino o sobrina cuando no hay una prueba de paternidad directa disponible. Dado que esta es una prueba de relaci\u00f3n indirecta, la cantidad de marcadores gen\u00e9ticos analizados juega un papel importante en la solidez de los resultados. Mientras que muchos laboratorios analizan solo entre 16 y 22 marcadores, PaternityUSA ofrece opciones mejoradas que analizan entre 24 y 34 marcadores, as\u00ed como una prueba avanzada de 46 marcadores, lo que proporciona una confianza estad\u00edstica significativamente mayor, especialmente cuando solo el t\u00edo\/t\u00eda y el ni\u00f1o est\u00e1n disponibles para la prueba. Las muestras se recolectan en privado en casa utilizando sencillos hisopados bucales y se analizan en un laboratorio acreditado con sede en EE. UU. para garantizar resultados precisos, confiables y confidenciales.<\/p>","protected":false},"excerpt":{"rendered":"<p>Nuestro <strong>Prueba de ADN de t\u00edo\/t\u00eda<\/strong> ayuda a determinar si existe una relaci\u00f3n biol\u00f3gica entre un t\u00edo o t\u00eda y un sobrino o sobrina. La prueba se puede realizar con un solo familiar pero incluyendo a la madre y\/o seleccionando <strong>El an\u00e1lisis de 46 marcadores puede mejorar significativamente la confianza estad\u00edstica.<\/strong> Dado que las pruebas de parentesco avuncular son m\u00e1s complejas que las pruebas directas de paternidad, el an\u00e1lisis de m\u00e1s marcadores gen\u00e9ticos puede fortalecer la confianza estad\u00edstica.<\/p>\n<p><strong>Laboratorio Acreditado de EE. UU. \u2013 Opciones de An\u00e1lisis de Marcadores 34 y 46.<\/strong><\/p>","protected":false},"featured_media":43509,"template":"","meta":{"_acf_changed":false},"product_brand":[],"product_cat":[6],"product_tag":[],"class_list":{"0":"post-38","1":"product","2":"type-product","3":"status-publish","4":"has-post-thumbnail","6":"product_cat-non-legal-dna-testing","8":"first","9":"instock","10":"purchasable","11":"product-type-simple"},"acf":[],"jetpack_sharing_enabled":true,"_links":{"self":[{"href":"https:\/\/www.paternityusa.com\/es\/wp-json\/wp\/v2\/product\/38","targetHints":{"allow":["GET"]}}],"collection":[{"href":"https:\/\/www.paternityusa.com\/es\/wp-json\/wp\/v2\/product"}],"about":[{"href":"https:\/\/www.paternityusa.com\/es\/wp-json\/wp\/v2\/types\/product"}],"wp:featuredmedia":[{"embeddable":true,"href":"https:\/\/www.paternityusa.com\/es\/wp-json\/wp\/v2\/media\/43509"}],"wp:attachment":[{"href":"https:\/\/www.paternityusa.com\/es\/wp-json\/wp\/v2\/media?parent=38"}],"wp:term":[{"taxonomy":"product_brand","embeddable":true,"href":"https:\/\/www.paternityusa.com\/es\/wp-json\/wp\/v2\/product_brand?post=38"},{"taxonomy":"product_cat","embeddable":true,"href":"https:\/\/www.paternityusa.com\/es\/wp-json\/wp\/v2\/product_cat?post=38"},{"taxonomy":"product_tag","embeddable":true,"href":"https:\/\/www.paternityusa.com\/es\/wp-json\/wp\/v2\/product_tag?post=38"}],"curies":[{"name":"la hora de","href":"https:\/\/api.w.org\/{rel}","templated":true}]}}