{"id":37,"date":"2023-11-08T22:03:49","date_gmt":"2023-11-09T03:03:49","guid":{"rendered":"http:\/\/biz177.inmotionhosting.com\/~devpat5\/dev\/product\/non-legal-grandparent-test\/"},"modified":"2026-03-20T11:22:29","modified_gmt":"2026-03-20T15:22:29","slug":"pruebas-de-adn-de-los-abuelos","status":"publish","type":"product","link":"https:\/\/www.paternityusa.com\/es\/product\/non-legal-grandparent-test\/","title":{"rendered":"Prueba de ADN para Abuelos"},"content":{"rendered":"<p class=\"p1\">La prueba de ADN de abuelos proporciona una forma confiable de evaluar la relaci\u00f3n biol\u00f3gica entre un ni\u00f1o y uno o ambos abuelos cuando uno de los padres no est\u00e1 disponible para la prueba. Todas las muestras son analizadas por un laboratorio acreditado en EE. UU. utilizando procedimientos validados para ofrecer.<\/p>\n<p class=\"p1\">Hay dos opciones de prueba disponibles seg\u00fan tu situaci\u00f3n. La <span class=\"s1\"><b>24\u201334 marcador de prueba<\/b><\/span> es nuestra opci\u00f3n est\u00e1ndar e incluye a la madre sin costo adicional cuando est\u00e1 disponible, lo que permite obtener resultados m\u00e1s s\u00f3lidos y concluyentes. Para los casos en que la madre no pueda participar, la <span class=\"s1\"><b>Prueba premium de 46 marcadores<\/b><\/span> analiza casi el doble de datos gen\u00e9ticos que utilizan muchos laboratorios, lo que proporciona una confianza estad\u00edstica significativamente mayor.<\/p>\n<p class=\"p1\">Incluir a la madre cuando sea posible, o seleccionar la opci\u00f3n de 46 marcadores cuando no est\u00e9 disponible, ayuda a asegurar el resultado m\u00e1s concluyente. Una vez que el laboratorio reciba todas las muestras, los resultados suelen estar disponibles en 2 o 3 d\u00edas h\u00e1biles.<\/p>\n<p class=\"p1\">Por m\u00e1s de 25 a\u00f1os, familias en Estados Unidos han confiado en PaternityUSA para pruebas de ADN precisas y privadas, realizadas con est\u00e1ndares de laboratorios profesionales y precios transparentes.<\/p>","protected":false},"excerpt":{"rendered":"<p>Nuestro <strong>Prueba de ADN de abuelo\/abuela<\/strong> ayuda a determinar si existe una relaci\u00f3n biol\u00f3gica entre un abuelo\/a y un nieto\/a al comparar sus perfiles de ADN. La prueba se puede realizar con un abuelo\/a; sin embargo, incluir a la madre del ni\u00f1o\/a y\/o al segundo abuelo\/a, adem\u00e1s de seleccionar <strong>El an\u00e1lisis de 46 marcadores puede mejorar significativamente la confianza estad\u00edstica.\u00a0 <\/strong>Dado que las pruebas de abuelos son m\u00e1s complejas que las pruebas de paternidad directas, analizar m\u00e1s marcadores gen\u00e9ticos puede fortalecer la confianza estad\u00edstica.<\/p>\n<p><strong>Laboratorio Acreditado de EE. UU. \u2013 Opciones de An\u00e1lisis de Marcadores 34 y 46.<\/strong><\/p>","protected":false},"featured_media":43498,"template":"","meta":{"_acf_changed":false},"product_brand":[],"product_cat":[6],"product_tag":[],"class_list":{"0":"post-37","1":"product","2":"type-product","3":"status-publish","4":"has-post-thumbnail","6":"product_cat-non-legal-dna-testing","8":"first","9":"instock","10":"purchasable","11":"product-type-simple"},"acf":[],"jetpack_sharing_enabled":true,"_links":{"self":[{"href":"https:\/\/www.paternityusa.com\/es\/wp-json\/wp\/v2\/product\/37","targetHints":{"allow":["GET"]}}],"collection":[{"href":"https:\/\/www.paternityusa.com\/es\/wp-json\/wp\/v2\/product"}],"about":[{"href":"https:\/\/www.paternityusa.com\/es\/wp-json\/wp\/v2\/types\/product"}],"wp:featuredmedia":[{"embeddable":true,"href":"https:\/\/www.paternityusa.com\/es\/wp-json\/wp\/v2\/media\/43498"}],"wp:attachment":[{"href":"https:\/\/www.paternityusa.com\/es\/wp-json\/wp\/v2\/media?parent=37"}],"wp:term":[{"taxonomy":"product_brand","embeddable":true,"href":"https:\/\/www.paternityusa.com\/es\/wp-json\/wp\/v2\/product_brand?post=37"},{"taxonomy":"product_cat","embeddable":true,"href":"https:\/\/www.paternityusa.com\/es\/wp-json\/wp\/v2\/product_cat?post=37"},{"taxonomy":"product_tag","embeddable":true,"href":"https:\/\/www.paternityusa.com\/es\/wp-json\/wp\/v2\/product_tag?post=37"}],"curies":[{"name":"la hora de","href":"https:\/\/api.w.org\/{rel}","templated":true}]}}