{"id":36,"date":"2023-11-08T22:03:49","date_gmt":"2023-11-09T03:03:49","guid":{"rendered":"http:\/\/biz177.inmotionhosting.com\/~devpat5\/dev\/product\/non-legal-sibling-dna-test\/"},"modified":"2026-03-20T11:22:51","modified_gmt":"2026-03-20T15:22:51","slug":"pruebas-de-adn-para-hermanos","status":"publish","type":"product","link":"https:\/\/www.paternityusa.com\/es\/product\/non-legal-sibling-dna-test\/","title":{"rendered":"Prueba de ADN entre hermanos a domicilio"},"content":{"rendered":"<p class=\"p1\">La Prueba de ADN de Hermanos por Residencia ayuda a determinar la probabilidad de que dos individuos compartan el mismo padre biol\u00f3gico o sean medio hermanos, utilizando un proceso de recolecci\u00f3n sencillo y privado en casa. Las muestras son analizadas por un laboratorio totalmente acreditado en EE. UU. utilizando procedimientos validados para proporcionar resultados precisos y confidenciales en los que puede confiar.<\/p>\n<p class=\"p1\">Hay dos niveles de prueba disponibles seg\u00fan tu situaci\u00f3n. La <span class=\"s1\"><b>Prueba est\u00e1ndar marcador 24\u201334<\/b><\/span> proporciona resultados confiables y a menudo es apropiado cuando la madre est\u00e1 disponible para participar, ya que su ADN puede usarse para fortalecer la comparaci\u00f3n. Para casos en los que la madre no est\u00e1 disponible o cuando se desea una mayor confianza estad\u00edstica, <span class=\"s1\"><b>Prueba premium de 46 marcadores<\/b><\/span> analiza casi el doble de datos gen\u00e9ticos que usan muchos laboratorios, los cuales suelen evaluar solo entre 16 y 22 marcadores. Este an\u00e1lisis adicional ayuda a mejorar la contundencia de las pruebas de relaci\u00f3n entre hermanos.<\/p>\n<p class=\"p1\">Una vez que el laboratorio recibe todas las muestras, los resultados suelen estar disponibles en 2 a 3 d\u00edas h\u00e1biles. Durante m\u00e1s de 25 a\u00f1os, familias en todo Estados Unidos han confiado en PaternityUSA para pruebas de ADN privadas y precisas, realizadas con est\u00e1ndares de laboratorio profesionales y precios transparentes.<\/p>","protected":false},"excerpt":{"rendered":"<p>Nuestro <strong>Prueba gen\u00e9tica de hermanos<\/strong> ayuda a determinar si dos individuos comparten uno o ambos padres biol\u00f3gicos al comparar sus perfiles de ADN. La prueba se puede realizar solo con los dos hermanos; sin embargo, incluir a la madre y\/o <strong>seleccionar un an\u00e1lisis de 46 marcadores puede mejorar significativamente la confianza estad\u00edstica.<\/strong> Debido a que las pruebas de ADN entre hermanos son m\u00e1s complejas que las pruebas de paternidad, analizar un mayor n\u00famero de marcadores gen\u00e9ticos puede fortalecer la evaluaci\u00f3n estad\u00edstica y ayudar a reducir los resultados no concluyentes.<\/p>\n<p><strong>Laboratorio Acreditado de EE. UU. \u2013 Opciones de An\u00e1lisis de Marcadores 34 y 46.<\/strong><\/p>","protected":false},"featured_media":43363,"template":"","meta":{"_acf_changed":false},"product_brand":[],"product_cat":[6],"product_tag":[],"class_list":{"0":"post-36","1":"product","2":"type-product","3":"status-publish","4":"has-post-thumbnail","6":"product_cat-non-legal-dna-testing","8":"first","9":"instock","10":"purchasable","11":"product-type-simple"},"acf":[],"jetpack_sharing_enabled":true,"_links":{"self":[{"href":"https:\/\/www.paternityusa.com\/es\/wp-json\/wp\/v2\/product\/36","targetHints":{"allow":["GET"]}}],"collection":[{"href":"https:\/\/www.paternityusa.com\/es\/wp-json\/wp\/v2\/product"}],"about":[{"href":"https:\/\/www.paternityusa.com\/es\/wp-json\/wp\/v2\/types\/product"}],"wp:featuredmedia":[{"embeddable":true,"href":"https:\/\/www.paternityusa.com\/es\/wp-json\/wp\/v2\/media\/43363"}],"wp:attachment":[{"href":"https:\/\/www.paternityusa.com\/es\/wp-json\/wp\/v2\/media?parent=36"}],"wp:term":[{"taxonomy":"product_brand","embeddable":true,"href":"https:\/\/www.paternityusa.com\/es\/wp-json\/wp\/v2\/product_brand?post=36"},{"taxonomy":"product_cat","embeddable":true,"href":"https:\/\/www.paternityusa.com\/es\/wp-json\/wp\/v2\/product_cat?post=36"},{"taxonomy":"product_tag","embeddable":true,"href":"https:\/\/www.paternityusa.com\/es\/wp-json\/wp\/v2\/product_tag?post=36"}],"curies":[{"name":"la hora de","href":"https:\/\/api.w.org\/{rel}","templated":true}]}}