{"id":35,"date":"2016-10-02T22:03:49","date_gmt":"2016-10-03T02:03:49","guid":{"rendered":"http:\/\/biz177.inmotionhosting.com\/~devpat5\/dev\/product\/non-legal-maternity-test\/"},"modified":"2026-03-20T11:34:53","modified_gmt":"2026-03-20T15:34:53","slug":"prueba-de-maternidad-en-casa","status":"publish","type":"product","link":"https:\/\/www.paternityusa.com\/es\/product\/non-legal-maternity-test\/","title":{"rendered":"Prueba de ADN para Maternidad en Casa"},"content":{"rendered":"<p class=\"p1\">La prueba de ADN de maternidad en casa ofrece una forma conveniente y confidencial de confirmar una relaci\u00f3n biol\u00f3gica entre una madre y un hijo. Utilizando un sencillo proceso de recolecci\u00f3n con hisopo bucal, las muestras se obtienen en privado en casa y son analizadas por un laboratorio de EE. UU. acreditado por la AABB y la CLIA, utilizando procedimientos validados para garantizar resultados precisos y confiables.<\/p>\n<p class=\"p1\">Esta prueba compara el ADN de la presunta madre e hijo(a) para determinar si existe una relaci\u00f3n biol\u00f3gica. Los resultados t\u00edpicamente muestran una probabilidad de <span class=\"s1\"><b>99.99% o superior<\/b><\/span> cuando se confirma la maternidad, o <span class=\"s1\"><b>0%<\/b><\/span> cuando se excluye la relaci\u00f3n. Una vez que el laboratorio recibe todas las muestras, los resultados suelen estar disponibles en un plazo de <span class=\"s1\"><b>1\u20132 d\u00edas h\u00e1biles<\/b><\/span>.<\/p>\n<p class=\"p1\">Los kits de recolecci\u00f3n de ADN se env\u00edan de forma r\u00e1pida y discreta, con embalaje de devoluci\u00f3n prepago incluido. Si los participantes se encuentran en diferentes ciudades o estados dentro de los Estados Unidos continentales, se pueden agregar direcciones de env\u00edo adicionales durante el proceso de pedido para que cada persona reciba su propio kit de recolecci\u00f3n.<\/p>\n<p class=\"p1\">Las pruebas de maternidad en casa son solo para fines de conocimiento personal. Si requiere resultados para tr\u00e1mites judiciales, de inmigraci\u00f3n u otros fines oficiales, se requerir\u00e1 una prueba de maternidad legal con cadena de custodia documentada.<\/p>\n<p class=\"p1\">Tenga en cuenta que los kits de prueba caseros no se pueden enviar a direcciones dentro del estado de Nueva York debido a regulaciones estatales. Si necesita realizar pruebas en Nueva York, comun\u00edquese con nuestra oficina para obtener ayuda.<\/p>","protected":false},"excerpt":{"rendered":"<p class=\"p1\">La prueba de ADN de maternidad en casa brinda una forma sencilla y privada de confirmar una relaci\u00f3n biol\u00f3gica entre madre e hijo. Las muestras se recogen en casa utilizando hisopos de mejilla y son analizadas por un laboratorio acreditado en EE. UU. para entregar resultados precisos y confidenciales.<\/p>","protected":false},"featured_media":43516,"template":"","meta":{"_acf_changed":false},"product_brand":[],"product_cat":[6],"product_tag":[],"class_list":{"0":"post-35","1":"product","2":"type-product","3":"status-publish","4":"has-post-thumbnail","6":"product_cat-non-legal-dna-testing","8":"first","9":"instock","10":"purchasable","11":"product-type-simple"},"acf":[],"jetpack_sharing_enabled":true,"_links":{"self":[{"href":"https:\/\/www.paternityusa.com\/es\/wp-json\/wp\/v2\/product\/35","targetHints":{"allow":["GET"]}}],"collection":[{"href":"https:\/\/www.paternityusa.com\/es\/wp-json\/wp\/v2\/product"}],"about":[{"href":"https:\/\/www.paternityusa.com\/es\/wp-json\/wp\/v2\/types\/product"}],"wp:featuredmedia":[{"embeddable":true,"href":"https:\/\/www.paternityusa.com\/es\/wp-json\/wp\/v2\/media\/43516"}],"wp:attachment":[{"href":"https:\/\/www.paternityusa.com\/es\/wp-json\/wp\/v2\/media?parent=35"}],"wp:term":[{"taxonomy":"product_brand","embeddable":true,"href":"https:\/\/www.paternityusa.com\/es\/wp-json\/wp\/v2\/product_brand?post=35"},{"taxonomy":"product_cat","embeddable":true,"href":"https:\/\/www.paternityusa.com\/es\/wp-json\/wp\/v2\/product_cat?post=35"},{"taxonomy":"product_tag","embeddable":true,"href":"https:\/\/www.paternityusa.com\/es\/wp-json\/wp\/v2\/product_tag?post=35"}],"curies":[{"name":"la hora de","href":"https:\/\/api.w.org\/{rel}","templated":true}]}}