{"id":34,"date":"2016-10-02T22:03:49","date_gmt":"2016-10-03T02:03:49","guid":{"rendered":"http:\/\/biz177.inmotionhosting.com\/~devpat5\/dev\/product\/non-legal-paternity-test\/"},"modified":"2026-04-24T03:14:47","modified_gmt":"2026-04-24T07:14:47","slug":"pruebas-de-paternidad-en-casa","status":"publish","type":"product","link":"https:\/\/www.paternityusa.com\/es\/product\/non-legal-paternity-test\/","title":{"rendered":"Prueba de paternidad de ADN a domicilio"},"content":{"rendered":"<p>Durante m\u00e1s de 25 a\u00f1os, PaternityUSA ha proporcionado pruebas de ADN privadas y confiables para familias en todo Estados Unidos. Nuestra Prueba de Paternidad en Casa ofrece una forma conveniente y confidencial de determinar una relaci\u00f3n biol\u00f3gica, con todas las muestras analizadas por un laboratorio acreditado en EE. UU. que utiliza est\u00e1ndares de calidad establecidos.<\/p>\n<p>Esta prueba casera compara el ADN del presunto padre y el ni\u00f1o para ofrecer resultados claros y concluyentes. Cada muestra se procesa utilizando procedimientos validados, y los resultados suelen estar disponibles en 1-2 d\u00edas h\u00e1biles despu\u00e9s de que el laboratorio reciba todas las muestras. Los hallazgos indicar\u00e1n una probabilidad del 99.99% o superior cuando se confirme la paternidad, o 0% cuando se excluya.<\/p>\n<p>Los kits de recolecci\u00f3n de ADN se env\u00edan de forma r\u00e1pida y discreta, con embalaje de devoluci\u00f3n prepagado incluido. Si los participantes se encuentran en diferentes ciudades o estados, se pueden agregar direcciones de env\u00edo adicionales durante el proceso de pedido para que cada persona reciba su propio kit de recolecci\u00f3n.<\/p>\n<p>Las pruebas de paternidad en el hogar son solo para conocimiento personal. Si requiere resultados para uso judicial u oficial, se necesitar\u00e1 una prueba de paternidad legal con cadena de custodia documentada.<\/p>","protected":false},"excerpt":{"rendered":"<p>Nuestra prueba de ADN de paternidad en casa ofrece resultados claros y concluyentes entre el padre y el hijo analizados, para que puedas avanzar con confianza. Cada prueba se procesa dos veces en el laboratorio para garantizar una precisi\u00f3n en la que puedes confiar. Haz clic aqu\u00ed <a href=\"\/es\/producto\/prueba-de-paternidad-legal\/\">Prueba de paternidad legal<\/a>.<\/p>","protected":false},"featured_media":43135,"template":"","meta":{"_acf_changed":false},"product_brand":[],"product_cat":[6],"product_tag":[],"class_list":{"0":"post-34","1":"product","2":"type-product","3":"status-publish","4":"has-post-thumbnail","6":"product_cat-non-legal-dna-testing","8":"first","9":"instock","10":"purchasable","11":"product-type-simple"},"acf":[],"jetpack_sharing_enabled":true,"_links":{"self":[{"href":"https:\/\/www.paternityusa.com\/es\/wp-json\/wp\/v2\/product\/34","targetHints":{"allow":["GET"]}}],"collection":[{"href":"https:\/\/www.paternityusa.com\/es\/wp-json\/wp\/v2\/product"}],"about":[{"href":"https:\/\/www.paternityusa.com\/es\/wp-json\/wp\/v2\/types\/product"}],"wp:featuredmedia":[{"embeddable":true,"href":"https:\/\/www.paternityusa.com\/es\/wp-json\/wp\/v2\/media\/43135"}],"wp:attachment":[{"href":"https:\/\/www.paternityusa.com\/es\/wp-json\/wp\/v2\/media?parent=34"}],"wp:term":[{"taxonomy":"product_brand","embeddable":true,"href":"https:\/\/www.paternityusa.com\/es\/wp-json\/wp\/v2\/product_brand?post=34"},{"taxonomy":"product_cat","embeddable":true,"href":"https:\/\/www.paternityusa.com\/es\/wp-json\/wp\/v2\/product_cat?post=34"},{"taxonomy":"product_tag","embeddable":true,"href":"https:\/\/www.paternityusa.com\/es\/wp-json\/wp\/v2\/product_tag?post=34"}],"curies":[{"name":"la hora de","href":"https:\/\/api.w.org\/{rel}","templated":true}]}}