{"id":44628,"date":"2026-03-25T19:16:55","date_gmt":"2026-03-25T23:16:55","guid":{"rendered":"https:\/\/www.paternityusa.com\/?page_id=44628"},"modified":"2026-03-25T19:19:23","modified_gmt":"2026-03-25T23:19:23","slug":"accessibility-statement","status":"publish","type":"page","link":"https:\/\/www.paternityusa.com\/es\/accessibility-statement\/","title":{"rendered":"Declaraci\u00f3n de accesibilidad"},"content":{"rendered":"<section data-etch-element=\"section\" class=\"policy-section\"><div data-etch-element=\"container\" class=\"policy-section__container\">\n<h1 class=\"wp-block-heading\" id=\"h-accessibility-statement\">Declaraci\u00f3n de accesibilidad<\/h1>\n\n<p>PaternityUSA se compromete a garantizar la accesibilidad digital para todos los usuarios, incluidas las personas con discapacidades. Hemos dise\u00f1ado y desarrollado este sitio web para cumplir o superar los est\u00e1ndares establecidos por las Pautas de Accesibilidad al Contenido Web (WCAG) 2.1, con un enfoque en brindar una experiencia inclusiva y f\u00e1cil de usar para todos.<\/p>\n\n<p>Nuestro sitio web est\u00e1 dise\u00f1ado para cumplir con las mejores pr\u00e1cticas de accesibilidad, incluyendo navegaci\u00f3n por teclado, compatibilidad con lectores de pantalla, estructuras de encabezados claras, contraste de color suficiente y dise\u00f1o adaptable en diferentes dispositivos. Continuamente probamos y refinamos nuestro sitio web para mantener la accesibilidad y mejorar la usabilidad para todos los visitantes.<\/p>\n\n<p>Si bien nos esforzamos por garantizar la plena accesibilidad en todas las \u00e1reas del sitio, es posible que algunos contenidos de terceros a\u00fan no cumplan completamente con estos est\u00e1ndares. En particular, nuestro carrusel de rese\u00f1as funciona con un complemento externo y estamos trabajando activamente para mejorar su accesibilidad siempre que sea posible. Dado que este componente est\u00e1 controlado por un tercero, pueden existir ciertas limitaciones que escapan a nuestro control directo.<\/p>\n\n<p>Si experimenta alguna dificultad para acceder al contenido de este sitio web o tiene sugerencias de mejora, le animamos a ponerse en contacto con nosotros. Estamos comprometidos a abordar los problemas de accesibilidad de inmediato y a proporcionar la informaci\u00f3n o asistencia que necesite.<\/p>\n\n<p><br>Valoramos sus comentarios y estamos dedicados a hacer que nuestro sitio web sea accesible para todos.<\/p>\n<\/div><\/section>","protected":false},"excerpt":{"rendered":"","protected":false},"author":1097,"featured_media":0,"parent":0,"menu_order":0,"comment_status":"closed","ping_status":"closed","template":"","meta":{"_acf_changed":false,"footnotes":""},"hf_cat_page":[],"class_list":["post-44628","page","type-page","status-publish","hentry"],"acf":[],"jetpack_sharing_enabled":true,"_links":{"self":[{"href":"https:\/\/www.paternityusa.com\/es\/wp-json\/wp\/v2\/pages\/44628","targetHints":{"allow":["GET"]}}],"collection":[{"href":"https:\/\/www.paternityusa.com\/es\/wp-json\/wp\/v2\/pages"}],"about":[{"href":"https:\/\/www.paternityusa.com\/es\/wp-json\/wp\/v2\/types\/page"}],"author":[{"embeddable":true,"href":"https:\/\/www.paternityusa.com\/es\/wp-json\/wp\/v2\/users\/1097"}],"replies":[{"embeddable":true,"href":"https:\/\/www.paternityusa.com\/es\/wp-json\/wp\/v2\/comments?post=44628"}],"version-history":[{"count":2,"href":"https:\/\/www.paternityusa.com\/es\/wp-json\/wp\/v2\/pages\/44628\/revisions"}],"predecessor-version":[{"id":44632,"href":"https:\/\/www.paternityusa.com\/es\/wp-json\/wp\/v2\/pages\/44628\/revisions\/44632"}],"wp:attachment":[{"href":"https:\/\/www.paternityusa.com\/es\/wp-json\/wp\/v2\/media?parent=44628"}],"wp:term":[{"taxonomy":"hf_cat_page","embeddable":true,"href":"https:\/\/www.paternityusa.com\/es\/wp-json\/wp\/v2\/hf_cat_page?post=44628"}],"curies":[{"name":"la hora de","href":"https:\/\/api.w.org\/{rel}","templated":true}]}}