{"id":2050,"date":"2017-02-09T18:04:08","date_gmt":"2017-02-09T23:04:08","guid":{"rendered":"https:\/\/biz177.inmotionhosting.com\/~devpat5\/dev\/?page_id=2050"},"modified":"2026-03-08T17:09:01","modified_gmt":"2026-03-08T21:09:01","slug":"interpretacion-de-resultados-de-adn","status":"publish","type":"page","link":"https:\/\/www.paternityusa.com\/es\/dna-result-interpretations\/","title":{"rendered":"Interpretaciones de resultados de ADN"},"content":{"rendered":"<section data-etch-element=\"section\" class=\"internal-hero\"><div data-etch-element=\"container\" class=\"internal-hero__container\"><div class=\"internal-hero__content\"><div class=\"internal-hero__header\"><h1 class=\"internal-hero__tagline eyebrow-text\">Interpretaciones de resultados de ADN<\/h1><p class=\"internal-hero__heading\">C\u00f3mo interpretar los resultados de una prueba de ADN de paternidad<\/p><\/div><div class=\"internal-hero__intro\">Los resultados de una prueba de ADN son f\u00e1ciles de interpretar. Un informe de resultados de ADN puede parecer confuso a primera vista. Si lee la declaraci\u00f3n de resultados debajo de la tabla del perfil gen\u00e9tico, entonces deber\u00eda poder interpretar el resultado de la prueba.<\/div><a href=\"\/es\/tienda\/\" class=\"btn--secondary\">Comprar kits de ADN<\/a><\/div><div class=\"internal-hero__column\"><figure class=\"internal-hero__media-wrapper\"><img decoding=\"async\"  sizes=\"(max-width: 405px) 100vw, 405px\" srcset=\"https:\/\/www.paternityusa.com\/wp-content\/uploads\/2026\/03\/holding-dna-test.avif 405w, https:\/\/www.paternityusa.com\/wp-content\/uploads\/2026\/03\/holding-dna-test-293x300.jpg 293w, https:\/\/www.paternityusa.com\/wp-content\/uploads\/2026\/03\/holding-dna-test-150x150.jpg 150w, https:\/\/www.paternityusa.com\/wp-content\/uploads\/2026\/03\/holding-dna-test-300x300.jpg 300w, https:\/\/www.paternityusa.com\/wp-content\/uploads\/2026\/03\/holding-dna-test-100x100.jpg 100w\" src=\"https:\/\/www.paternityusa.com\/wp-content\/uploads\/2026\/03\/holding-dna-test.avif\" alt=\"prueba de ADN\" width=\"405\" height=\"414\" class=\"internal-hero__image\" \/><\/figure><\/div><\/div><\/section>\n\n<section data-etch-element=\"section\" class=\"sidebar-section\"><div data-etch-element=\"container\" class=\"sidebar-section__container\"><div class=\"sidebar-section__content\"><h2 class=\"sidebar-section__heading\">Los Fundamentos de la Interpretaci\u00f3n de Pruebas de ADN<\/h2><div class=\"sidebar-section__description\"><p>Nuestro Informe de Prueba de ADN de laboratorio muestra los resultados de pruebas de ADN de laboratorio que brindan evidencia sobre la supuesta relaci\u00f3n familiar. Esta es una breve explicaci\u00f3n del significado de los n\u00fameros y otros elementos que aparecen en un informe de prueba de ADN.<\/p><p>El laboratorio analiza el ADN aislado de hisopos bucales (mejillas) para localizar ciertas regiones de cromosomas que var\u00edan en longitud entre individuos. Se analizan diecis\u00e9is de estos sitios, cada sitio se llama \u201clocus\u201d (\u201cloci\u201d - plural). El an\u00e1lisis de estos loci en una poblaci\u00f3n grande ha revelado fragmentos de diferentes tama\u00f1os, o alelos, asociados con cada locus. Estos son los marcadores gen\u00e9ticos* que se utilizan. Nuestro servicio de pruebas de ADN y paternidad ofrece una soluci\u00f3n econ\u00f3mica y asequible para sus necesidades de pruebas de ADN, al tiempo que ofrece \u00fanicamente pruebas de ADN de alta calidad desde casa, la oficina de un abogado o una de nuestras miles de ubicaciones de cl\u00ednicas de nuestra red.<\/p><p>Debido a que cada individuo tiene dos cromosomas de cada tipo, uno heredado de cada progenitor, todos tienen dos alelos en cada locus. Estos dos alelos a veces son id\u00e9nticos (homocigotos), pero usualmente no son del mismo tama\u00f1o (heterocigotos). Durante las pruebas de paternidad, el laboratorio identifica la longitud de los dos alelos encontrados en cada locus.<\/p><h2>Los detalles de los marcadores de ADN (alelos)<\/h2><p>El informe que se le proporcionar\u00e1 muestra n\u00fameros (en la primera columna) que indican cada uno de los loci involucrados en el proceso de prueba.<\/p><p>Las columnas marcadas con \u201calelo\u201d en el informe contienen n\u00fameros que indican los dos alelos encontrados en cada locus (o un n\u00famero si son del mismo tama\u00f1o).<\/p><p>Si, por ejemplo, un ni\u00f1o tiene dos alelos designados 12.1 y 18, y si la madre tiene los alelos 12.1 y 16, entonces el ni\u00f1o hered\u00f3 el alelo 12.1 de la madre. El ni\u00f1o tiene que haber heredado el alelo 18 del padre. El alelo 18 es el \u201calelo paterno obligado\u201d. En general, el presunto padre debe tener este alelo si es el padre biol\u00f3gico del ni\u00f1o.<\/p><p>Se utilizan muchos loci diferentes como marcadores gen\u00e9ticos en las pruebas, as\u00ed como uno (Amelogenina) para confirmar el sexo de la persona que proporciona la muestra. Si el presunto padre no tiene el alelo coincidente en todos los loci analizados, entonces generalmente no puede ser el progenitor biol\u00f3gico. Si lo tiene, entonces podr\u00eda ser el padre. Un \u201c\u00edndice de parentesco\u201d (llamado \u201c\u00cdndice Directo\u201d en el informe) para cada locus se calcula bas\u00e1ndose en informaci\u00f3n que incluye la proporci\u00f3n de la poblaci\u00f3n masculina que tiene el alelo paterno obligatorio en ese locus. Este \u00edndice se informa para cada locus de ADN.<\/p><p>Luego, se calcula un \u00edndice de relaci\u00f3n combinada (o \u201cdirecto\u201d) para todos los alelos analizados, el cual aparece debajo del gr\u00e1fico. Este n\u00famero se utiliza para calcular la \u201cprobabilidad de relaci\u00f3n\u201d, que es el porcentaje de probabilidad de que un hombre con los alelos del presunto padre sea el progenitor biol\u00f3gico del ni\u00f1o, en comparaci\u00f3n con un hombre no analizado y no relacionado de la misma raza. Si el ADN del presunto padre es consistente (con un grado de certeza matem\u00e1tica) con el del ni\u00f1o, el informe concluir\u00e1 que el presunto padre no puede ser excluido como padre biol\u00f3gico del ni\u00f1o. Si el ADN no es consistente, concluir\u00e1 que el presunto padre puede ser excluido como padre biol\u00f3gico del ni\u00f1o.<\/p><p>Cada locus utilizado en la prueba est\u00e1 compuesto por un n\u00famero variable de secuencias cortas repetidas de las bases A, C, T y G; como ACGA CGA CGA CGA. Cada alelo tiene un n\u00famero diferente de repeticiones, lo que da lugar a una longitud de fragmento diferente amplificada por la reacci\u00f3n en cadena de la polimerasa (PCR).<\/p><\/div><\/div><div class=\"sidebar-section__column\"><div class=\"sidebar\"><h3 class=\"sidebar__heading\">Encuentra un kit de prueba de ADN para el hogar<\/h3><ul class=\"sidebar__list\"><li class=\"sidebar__list-item\"> <svg width=\"24\" height=\"24\" viewbox=\"0 0 24 24\" fill=\"none\" class=\"sidebar__icon\"><path d=\"M10.0657 7.16504H13.9338C14.3952 7.16504 14.7904 7.32849 15.1194 7.65723C15.4484 7.98622 15.6125 8.38118 15.6125 8.84277V14.2148C15.6125 14.4487 15.533 14.644 15.3743 14.8027C15.2155 14.9615 15.0196 15.041 14.7854 15.041H13.6125V21.1963C13.6125 21.4302 13.5333 21.6264 13.3743 21.7852C13.2152 21.9439 13.0189 22.0234 12.7844 22.0234H11.2092C10.9747 22.0234 10.7798 21.9436 10.6233 21.7852C10.4665 21.6264 10.3879 21.4304 10.3879 21.1963V15.041H9.21411C8.98004 15.041 8.78398 14.9615 8.62524 14.8027C8.46675 14.6441 8.38798 14.4486 8.38794 14.2148V8.84277C8.38797 8.38118 8.55212 7.98622 8.8811 7.65723C9.21002 7.32865 9.60442 7.16507 10.0657 7.16504ZM11.9973 1.85254C12.5125 1.85254 12.9521 2.03473 13.3176 2.40039C13.6832 2.76617 13.8654 3.2058 13.8655 3.7207C13.8655 4.16794 13.727 4.56016 13.4485 4.89746L13.3206 5.03809C12.957 5.4056 12.5181 5.58975 12.0032 5.58984C11.488 5.58984 11.0483 5.40679 10.6829 5.04102C10.3172 4.67514 10.134 4.23751 10.134 3.72656C10.1341 3.21143 10.3161 2.77095 10.6799 2.40332C11.0436 2.03588 11.4822 1.85254 11.9973 1.85254Z\" fill=\"#D64545\" stroke=\"#D64545\" stroke-width=\"0.05\"><\/path><\/svg> <a href=\"\/es\/prueba-de-paternidad-en-casa\/\" class=\"sidebar__link\" target=\"\">Prueba de ADN de paternidad<\/a><\/li><li class=\"sidebar__list-item\"> <svg width=\"24\" height=\"24\" viewbox=\"0 0 24 24\" fill=\"none\" class=\"sidebar__icon\"><path d=\"M12.001 6.97168C12.4318 6.97176 12.8318 7.08483 13.2012 7.31152C13.5697 7.53755 13.8212 7.8579 13.9561 8.27246L16.1885 15.4609V15.4619C16.2809 15.7228 16.2412 15.9673 16.0674 16.1973C15.8935 16.4273 15.6686 16.5409 15.3916 16.541H13.5049V21.1963C13.5049 21.4301 13.4241 21.6263 13.2627 21.7852C13.1013 21.9438 12.9046 22.0234 12.6709 22.0234H11.3223C11.1169 22.0234 10.9422 21.9623 10.7969 21.8408L10.7363 21.7852C10.5795 21.6264 10.501 21.4304 10.501 21.1963V16.541H8.6084C8.33146 16.5409 8.10651 16.4273 7.93262 16.1973C7.75879 15.9673 7.71912 15.7228 7.81152 15.4619V15.4609L10.0498 8.27246C10.1812 7.85799 10.4313 7.53753 10.7998 7.31152C11.1692 7.0848 11.5698 6.97168 12.001 6.97168ZM11.9971 1.85254C12.5122 1.85254 12.9519 2.03521 13.3174 2.40137C13.683 2.76749 13.8662 3.20665 13.8662 3.7207C13.8662 4.2331 13.684 4.67209 13.3203 5.03906V5.04004C12.9567 5.4068 12.5179 5.58981 12.0029 5.58984C11.4878 5.58984 11.0481 5.40668 10.6826 5.04102C10.317 4.67536 10.1348 4.23671 10.1348 3.72363C10.1348 3.21049 10.316 2.7709 10.6797 2.40332C11.0433 2.03593 11.482 1.85259 11.9971 1.85254Z\" fill=\"#D64545\" stroke=\"#D64545\" stroke-width=\"0.05\"><\/path><\/svg> <a href=\"\/es\/pruebas-de-maternidad-en-casa\/\" class=\"sidebar__link\" target=\"\">Prueba de ADN de maternidad<\/a><\/li><li class=\"sidebar__list-item\"> <svg width=\"24\" height=\"24\" viewbox=\"0 0 24 24\" fill=\"none\" class=\"sidebar__icon\"><path d=\"M11.6804 0.797852C11.8668 0.797852 12.0356 0.849014 12.1873 0.952148C12.3391 1.05537 12.4466 1.18974 12.5105 1.35547L12.5193 1.37891L12.5427 1.37012C12.6313 1.33731 12.7254 1.31139 12.825 1.29297C12.9244 1.27457 13.0188 1.26562 13.1072 1.26562C13.6178 1.26573 14.0561 1.44933 14.4236 1.81738C14.7913 2.18544 14.9753 2.62543 14.9753 3.1377C14.9752 3.64807 14.7911 4.08726 14.4236 4.45605C14.0562 4.82488 13.6174 5.00879 13.1062 5.00879C12.595 5.00872 12.1563 4.82492 11.7888 4.45605C11.4212 4.08726 11.2372 3.64806 11.2371 3.1377C11.2371 3.01348 11.272 2.82655 11.3425 2.57715L11.3484 2.55664L11.3279 2.54785C11.1617 2.47805 11.0269 2.36782 10.9236 2.21777C10.8208 2.06841 10.7693 1.89835 10.7693 1.70801C10.7694 1.45613 10.8578 1.24228 11.0339 1.06445C11.2101 0.886637 11.425 0.797864 11.6804 0.797852ZM16.822 12.6006L16.8025 12.5967C16.068 12.4293 15.3325 12.0967 14.5964 11.5986C13.8608 11.1009 13.2885 10.5464 12.8787 9.93555L12.8484 9.89062L12.8337 9.94238L12.0339 12.707L12.032 12.7158L12.0359 12.7246L14.7371 18.6064V23.04H13.1492V18.9746H10.6394L10.6326 18.9844L8.04663 22.4258C7.905 22.5998 7.72877 22.703 7.51733 22.7373C7.33304 22.7672 7.16226 22.7316 7.00366 22.6289L6.93628 22.5811C6.76233 22.4415 6.65815 22.2652 6.62183 22.0518C6.58574 21.8391 6.63713 21.6467 6.77808 21.4736L6.77905 21.4727L8.62378 19.0146L8.65405 18.9746H6.96558C6.71257 18.9746 6.51162 18.871 6.36108 18.6621C6.20938 18.4515 6.14568 18.217 6.16968 17.958V17.957C6.2856 16.3733 6.49662 14.988 6.80249 13.8018C7.10843 12.6152 7.53629 11.4092 8.08569 10.1846C8.63096 8.96013 9.21506 7.97572 9.83765 7.23047C10.4604 6.48468 11.0607 6.11719 11.6375 6.11719C12.1272 6.1173 12.5227 6.29739 12.8259 6.65723C13.0555 6.92978 13.3032 7.32364 13.5681 7.83984L13.8386 8.39746C14.1539 9.13644 14.6582 9.74649 15.3494 10.2285C16.04 10.7101 16.8649 11.0733 17.824 11.3174L17.8328 11.3193L17.8406 11.3154C17.9434 11.2657 18.0506 11.2296 18.1609 11.207C18.2715 11.1842 18.3802 11.1729 18.4861 11.1729C18.9063 11.1729 19.2855 11.3406 19.6238 11.6787C19.9622 12.0167 20.1305 12.3995 20.1306 12.8271V22.6006C20.1306 22.6913 20.1058 22.7718 20.0564 22.8428L19.9988 22.9111C19.9105 22.9977 19.8065 23.04 19.6873 23.04C19.5685 23.0399 19.4669 22.9973 19.3806 22.9111C19.2943 22.825 19.2507 22.7219 19.2507 22.6006V12.8291C19.2507 12.6216 19.1727 12.4397 19.0183 12.2852C18.8641 12.1307 18.6831 12.0528 18.4763 12.0527C18.2655 12.0527 18.0829 12.1304 17.9304 12.2852C17.7781 12.4399 17.701 12.6217 17.7009 12.8291V13.5479C17.7008 13.6688 17.657 13.7713 17.5691 13.8574C17.4806 13.944 17.3776 13.9873 17.2585 13.9873C17.1394 13.9873 17.0371 13.9447 16.9509 13.8584C16.8647 13.7723 16.8221 13.669 16.822 13.5479V12.6006Z\" fill=\"#D64545\" stroke=\"#D64545\" stroke-width=\"0.05\"><\/path><\/svg> <a href=\"\/es\/prueba-de-adn-de-los-abuelos\/\" class=\"sidebar__link\" target=\"\">Pruebas de ADN de abuelos<\/a><\/li><li class=\"sidebar__list-item\"> <svg width=\"24\" height=\"24\" viewbox=\"0 0 24 24\" fill=\"none\" class=\"sidebar__icon\"><path d=\"M9.9043 13.4473C10.4581 13.4473 10.9493 13.4736 11.3779 13.5254C11.7937 13.5757 12.2424 13.6509 12.7236 13.75C12.4943 13.983 12.2656 14.2159 12.0361 14.4473C11.7986 14.6868 11.56 14.9245 11.3223 15.1621C11.1196 15.139 10.9025 15.1241 10.6719 15.1172C10.4367 15.11 10.1827 15.1064 9.91016 15.1064C8.97275 15.1065 8.05768 15.1997 7.16504 15.3857C6.38312 15.5486 5.54218 15.8356 4.64258 16.2461L4.25293 16.4297C4.015 16.5487 3.82013 16.7337 3.66797 16.9834C3.51603 17.2329 3.43954 17.4856 3.43945 17.7412V18.5498H10.7109V19.3164C10.7109 19.5002 10.7499 19.6735 10.8291 19.835C10.8982 19.9759 10.9819 20.0976 11.0771 20.2021H3.46387C2.99835 20.2021 2.60298 20.0385 2.27637 19.71C1.94934 19.381 1.78614 18.9859 1.78613 18.5244V17.7158C1.78619 17.1284 1.93484 16.5866 2.23242 16.0908C2.52954 15.596 2.96755 15.2177 3.54688 14.957C4.67969 14.4537 5.76322 14.0767 6.79688 13.8252C7.83044 13.5737 8.86639 13.4473 9.9043 13.4473ZM17.2393 16.0244C17.9277 16.0244 18.5989 16.0995 19.2529 16.249C19.9066 16.3985 20.5281 16.6308 21.1172 16.9463L21.1182 16.9473C21.4835 17.1235 21.758 17.3837 21.9424 17.7285C22.1272 18.0745 22.2197 18.4485 22.2197 18.8506V19.376C22.2197 19.6099 22.1393 19.8051 21.9785 19.9639C21.8174 20.1227 21.6211 20.2021 21.3877 20.2021H13.0879C12.854 20.2021 12.6578 20.1235 12.499 19.9648C12.3401 19.8061 12.2608 19.6101 12.2607 19.376V18.8506C12.2608 18.4549 12.3567 18.0867 12.5479 17.7461C12.7149 17.4484 12.9424 17.2073 13.2305 17.0225L13.3574 16.9463C13.9634 16.6349 14.5898 16.4036 15.2363 16.252C15.883 16.1003 16.5508 16.0244 17.2393 16.0244ZM17.2402 9.68066C17.9216 9.68066 18.4963 9.91552 18.9658 10.3848C19.4352 10.8543 19.6699 11.429 19.6699 12.1104C19.6699 12.7919 19.4352 13.3666 18.9658 13.8359C18.4963 14.3054 17.9216 14.54 17.2402 14.54C16.559 14.54 15.9841 14.3054 15.5146 13.8359C15.0452 13.3666 14.8105 12.7918 14.8105 12.1104C14.8106 11.429 15.0452 10.8543 15.5146 10.3848C15.9841 9.91548 16.559 9.68072 17.2402 9.68066ZM9.90918 4.12402C11.0478 4.12406 11.9784 4.48544 12.7031 5.20801C13.4276 5.93054 13.7909 6.86036 13.791 7.99902C13.791 9.13782 13.4277 10.0671 12.7031 10.7891C11.9784 11.5108 11.048 11.873 9.90918 11.873C8.77049 11.873 7.84107 11.5108 7.11914 10.7891C6.39735 10.0672 6.03613 9.13777 6.03613 7.99902C6.03621 6.86033 6.39728 5.93053 7.11914 5.20801C7.84105 4.48533 8.77057 4.12402 9.90918 4.12402ZM9.91113 5.77734C9.27049 5.77742 8.73934 5.98648 8.31934 6.40527C7.89928 6.82431 7.68951 7.35486 7.68945 7.99512C7.68945 8.63725 7.89815 9.16991 8.31738 9.58984C8.73665 10.01 9.26831 10.2197 9.90918 10.2197C10.5501 10.2197 11.0819 10.0102 11.502 9.59082C11.922 9.17122 12.1318 8.63923 12.1318 7.99805C12.1318 7.35546 11.922 6.82397 11.5029 6.40527C11.0835 5.98651 10.552 5.77734 9.91113 5.77734Z\" fill=\"#D64545\" stroke=\"#D64545\" stroke-width=\"0.05\"><\/path><\/svg> <a href=\"\/es\/prueba-de-adn-para-hermanos\/\" class=\"sidebar__link\" target=\"\">Prueba de ADN entre hermanos<\/a><\/li><li class=\"sidebar__list-item\"> <svg width=\"24\" height=\"24\" viewbox=\"0 0 24 24\" fill=\"none\" class=\"sidebar__icon\"><path d=\"M12 8.9834C12.7722 8.9834 13.5467 9.08373 14.3232 9.28516C15.0029 9.4615 15.6239 9.68941 16.1855 9.96875L16.4229 10.0918C17.0701 10.436 17.5892 10.8319 17.9805 11.2793C18.371 11.7259 18.5645 12.1946 18.5645 12.6855V18.542C18.5645 19.1471 18.374 19.671 17.9932 20.1143C17.6132 20.5566 17.1287 20.7773 16.5381 20.7773C16.3673 20.7773 16.2183 20.7159 16.0898 20.5928C15.9644 20.4725 15.8975 20.2527 15.8975 19.9238V19.0703C15.8974 18.4309 15.4674 17.917 14.624 17.5264C13.7812 17.1359 12.9062 16.9404 12 16.9404C11.2766 16.9404 10.5754 17.0559 9.89746 17.2861C9.30481 17.4874 8.83845 17.7452 8.5 18.0605L8.3623 18.2002C8.23705 18.3477 8.20101 18.5118 8.25781 18.6885C8.30038 18.8207 8.38405 18.9231 8.50586 18.9971L8.64062 19.0615C9.16379 19.2415 9.71584 19.3639 10.2959 19.4287C10.8747 19.4936 11.4697 19.5351 12.0811 19.5518H12.082C12.4454 19.5518 12.7509 19.6762 13 19.9258C13.2492 20.1758 13.374 20.4822 13.374 20.8447C13.3739 21.2071 13.2489 21.5128 12.999 21.7627C12.7491 22.0126 12.4435 22.1377 12.0811 22.1377C11.4716 22.1377 10.782 22.0732 10.0127 21.9443C9.24416 21.8156 8.52303 21.6097 7.84961 21.3271C7.13699 21.029 6.55615 20.652 6.10645 20.1963C5.65883 19.7426 5.43555 19.1911 5.43555 18.541V12.6836C5.43567 12.1926 5.62381 11.7242 6.00391 11.2783C6.38474 10.8316 6.90055 10.436 7.55176 10.0918C8.18765 9.75749 8.89396 9.4887 9.6709 9.28613C10.4474 9.08383 11.2239 8.98341 12 8.9834ZM12 10.9629C11.3988 10.9629 10.9057 11.1541 10.5234 11.5381C10.1413 11.9219 9.95119 12.414 9.95117 13.0117C9.95117 13.6151 10.1415 14.1101 10.5234 14.4932C10.9053 14.8759 11.3984 15.0664 12 15.0664C12.5995 15.0664 13.0925 14.8741 13.4775 14.4893C13.8625 14.1042 14.0547 13.6112 14.0547 13.0117C14.0547 12.4145 13.8616 11.9222 13.4746 11.5381C13.0877 11.1542 12.5954 10.9629 12 10.9629ZM12 1.8877C12.8555 1.88772 13.5714 2.17654 14.1494 2.75488C14.7273 3.33347 15.0166 4.04977 15.0166 4.9043C15.0165 5.76385 14.7277 6.48068 14.1504 7.05664C13.5727 7.6327 12.8564 7.92088 12 7.9209C11.1402 7.9209 10.4227 7.63268 9.84668 7.05664C9.27105 6.48069 8.98344 5.76474 8.9834 4.90723C8.9834 4.04986 9.27106 3.33287 9.84668 2.75488C10.4227 2.17686 11.1403 1.8877 12 1.8877Z\" fill=\"#D64545\" stroke=\"#D64545\" stroke-width=\"0.05\"><\/path><\/svg> <a href=\"\/es\/tia-tio-prueba-de-adn\/\" class=\"sidebar__link\" target=\"\">Prueba de ADN Avuncular (T\u00eda\/T\u00edo)<\/a><\/li><\/ul><div class=\"sidebar__cta-wrapper\"><a href=\"\/es\/categoria-de-producto\/prubas-de-adn-en-el-hogar\/\" class=\"btn--primary\" target=\"\">Comprar kits de pruebas de ADN en casa<\/a><a href=\"\/es\/categoria-de-producto\/prueba-de-adn-legales\/\" class=\"btn--secondary\">Comprar kits de pruebas de ADN legales<\/a><\/div><\/div><\/div><\/div><\/section>\n\n<section data-etch-element=\"section\" class=\"process-section\"><div data-etch-element=\"container\" class=\"process-section__container\"><div class=\"process-section__column\" data-etch-element=\"flex-div\"><div class=\"process-section__intro-wrapper\"><h2 class=\"process-section__intro-heading\">Un Proceso de Prueba de ADN Simple y Seguro<\/h2><p class=\"process-section__lede\">Nuestro proceso simplificado hace que sea f\u00e1cil elegir la prueba de ADN correcta, realizar un pedido seguro y obtener resultados confiables con confianza.<\/p><a href=\"\/es\/tienda\/\" class=\"btn--primary\">Comprar kits de ADN<\/a><\/div><\/div><div class=\"process-section__column\" data-etch-element=\"flex-div\"><ol class=\"process-section__list\"><li class=\"process-section__list-item\"><div class=\"process-card\"><h3 class=\"process-card__heading\">Elige el tipo de prueba de ADN<\/h3><p class=\"process-card__text\">Elige el tipo de relaci\u00f3n para la que necesitas respuestas de ADN y qui\u00e9n est\u00e1 disponible para realizar las pruebas.<\/p><\/div><\/li><li class=\"process-section__list-item\"><div class=\"process-card\"><h3 class=\"process-card__heading\">Legal o No legal<\/h3><p class=\"process-card__text\">Decide si necesitas respuestas solo para conocimiento personal o si necesitas respuestas para un asunto judicial u otro legal.<\/p><\/div><\/li><li class=\"process-section__list-item\"><div class=\"process-card\"><h3 class=\"process-card__heading\">Realizar Pedido Seguro<\/h3><p class=\"process-card__text\">Realiza tu pedido en l\u00ednea en nuestro carrito de compras seguro con tarjeta de cr\u00e9dito o PayPal. El kit de prueba de ADN se entrega de un d\u00eda para otro.<\/p><\/div><\/li><\/ol><\/div><\/div><\/section>","protected":false},"excerpt":{"rendered":"","protected":false},"author":2,"featured_media":0,"parent":0,"menu_order":0,"comment_status":"closed","ping_status":"closed","template":"","meta":{"_acf_changed":false,"footnotes":""},"hf_cat_page":[5177],"class_list":["post-2050","page","type-page","status-publish","hentry"],"acf":[],"jetpack_sharing_enabled":true,"_links":{"self":[{"href":"https:\/\/www.paternityusa.com\/es\/wp-json\/wp\/v2\/pages\/2050","targetHints":{"allow":["GET"]}}],"collection":[{"href":"https:\/\/www.paternityusa.com\/es\/wp-json\/wp\/v2\/pages"}],"about":[{"href":"https:\/\/www.paternityusa.com\/es\/wp-json\/wp\/v2\/types\/page"}],"author":[{"embeddable":true,"href":"https:\/\/www.paternityusa.com\/es\/wp-json\/wp\/v2\/users\/2"}],"replies":[{"embeddable":true,"href":"https:\/\/www.paternityusa.com\/es\/wp-json\/wp\/v2\/comments?post=2050"}],"version-history":[{"count":3,"href":"https:\/\/www.paternityusa.com\/es\/wp-json\/wp\/v2\/pages\/2050\/revisions"}],"predecessor-version":[{"id":43858,"href":"https:\/\/www.paternityusa.com\/es\/wp-json\/wp\/v2\/pages\/2050\/revisions\/43858"}],"wp:attachment":[{"href":"https:\/\/www.paternityusa.com\/es\/wp-json\/wp\/v2\/media?parent=2050"}],"wp:term":[{"taxonomy":"hf_cat_page","embeddable":true,"href":"https:\/\/www.paternityusa.com\/es\/wp-json\/wp\/v2\/hf_cat_page?post=2050"}],"curies":[{"name":"la hora de","href":"https:\/\/api.w.org\/{rel}","templated":true}]}}